{"id":982,"date":"2015-02-13T14:59:11","date_gmt":"2015-02-13T12:59:11","guid":{"rendered":"http:\/\/www.sininenreservi.fi\/sv\/sinisen-reservin-toiminta\/"},"modified":"2021-12-22T01:59:03","modified_gmt":"2021-12-21T23:59:03","slug":"verksamhet","status":"publish","type":"page","link":"https:\/\/www.sininenreservi.fi\/sv\/verksamhet\/","title":{"rendered":"Verksamhet"},"content":{"rendered":"<p>[et_pb_section fb_built=&#8221;1&#8243; fullwidth=&#8221;on&#8221; admin_label=&#8221;section&#8221; _builder_version=&#8221;3.22&#8243; global_colors_info=&#8221;{}&#8221;][et_pb_fullwidth_slider admin_label=&#8221;Fullwidth Slider&#8221; _builder_version=&#8221;3.16&#8243; custom_padding=&#8221;|||&#8221; custom_padding_tablet=&#8221;|||&#8221; custom_padding_phone=&#8221;|||&#8221; box_shadow_style=&#8221;preset6&#8243; box_shadow_blur=&#8221;10px&#8221; box_shadow_color=&#8221;rgba(0,0,0,0.1)&#8221; show_inner_shadow=&#8221;on&#8221; global_colors_info=&#8221;{}&#8221; button_text_size__hover_enabled=&#8221;off&#8221; button_one_text_size__hover_enabled=&#8221;off&#8221; button_two_text_size__hover_enabled=&#8221;off&#8221; button_text_color__hover_enabled=&#8221;off&#8221; button_one_text_color__hover_enabled=&#8221;off&#8221; button_two_text_color__hover_enabled=&#8221;off&#8221; button_border_width__hover_enabled=&#8221;off&#8221; button_one_border_width__hover_enabled=&#8221;off&#8221; button_two_border_width__hover_enabled=&#8221;off&#8221; button_border_color__hover_enabled=&#8221;off&#8221; button_one_border_color__hover_enabled=&#8221;off&#8221; button_two_border_color__hover_enabled=&#8221;off&#8221; button_border_radius__hover_enabled=&#8221;off&#8221; button_one_border_radius__hover_enabled=&#8221;off&#8221; button_two_border_radius__hover_enabled=&#8221;off&#8221; button_letter_spacing__hover_enabled=&#8221;off&#8221; button_one_letter_spacing__hover_enabled=&#8221;off&#8221; button_two_letter_spacing__hover_enabled=&#8221;off&#8221; button_bg_color__hover_enabled=&#8221;off&#8221; button_one_bg_color__hover_enabled=&#8221;off&#8221; button_two_bg_color__hover_enabled=&#8221;off&#8221;][et_pb_slide _builder_version=&#8221;3.16&#8243; background_color=&#8221;#ffffff&#8221; background_image=&#8221;http:\/\/www.sininenreservi.fi\/wp-content\/uploads\/2015\/02\/toiminta-1200&#215;440.jpg&#8221; global_colors_info=&#8221;{}&#8221; button_text_size__hover_enabled=&#8221;off&#8221; button_one_text_size__hover_enabled=&#8221;off&#8221; button_two_text_size__hover_enabled=&#8221;off&#8221; button_text_color__hover_enabled=&#8221;off&#8221; button_one_text_color__hover_enabled=&#8221;off&#8221; button_two_text_color__hover_enabled=&#8221;off&#8221; button_border_width__hover_enabled=&#8221;off&#8221; button_one_border_width__hover_enabled=&#8221;off&#8221; button_two_border_width__hover_enabled=&#8221;off&#8221; button_border_color__hover_enabled=&#8221;off&#8221; button_one_border_color__hover_enabled=&#8221;off&#8221; button_two_border_color__hover_enabled=&#8221;off&#8221; button_border_radius__hover_enabled=&#8221;off&#8221; button_one_border_radius__hover_enabled=&#8221;off&#8221; button_two_border_radius__hover_enabled=&#8221;off&#8221; button_letter_spacing__hover_enabled=&#8221;off&#8221; button_one_letter_spacing__hover_enabled=&#8221;off&#8221; button_two_letter_spacing__hover_enabled=&#8221;off&#8221; button_bg_color__hover_enabled=&#8221;off&#8221; button_one_bg_color__hover_enabled=&#8221;off&#8221; button_two_bg_color__hover_enabled=&#8221;off&#8221; sticky_transition=&#8221;on&#8221;][\/et_pb_slide][\/et_pb_fullwidth_slider][\/et_pb_section][et_pb_section fb_built=&#8221;1&#8243; admin_label=&#8221;section&#8221; _builder_version=&#8221;3.22&#8243; global_colors_info=&#8221;{}&#8221;][et_pb_row admin_label=&#8221;row&#8221; _builder_version=&#8221;3.25&#8243; background_size=&#8221;initial&#8221; background_position=&#8221;top_left&#8221; background_repeat=&#8221;repeat&#8221; global_colors_info=&#8221;{}&#8221;][et_pb_column type=&#8221;4_4&#8243; _builder_version=&#8221;3.25&#8243; custom_padding=&#8221;|||&#8221; global_colors_info=&#8221;{}&#8221; custom_padding__hover=&#8221;|||&#8221;][et_pb_text admin_label=&#8221;Otsikko&#8221; _builder_version=&#8221;4.9.7&#8243; background_size=&#8221;initial&#8221; background_position=&#8221;top_left&#8221; background_repeat=&#8221;repeat&#8221; global_colors_info=&#8221;{}&#8221;]<\/p>\n<h1>Marinreserven och dess medlemf\u00f6reningar erbjuder m\u00e5ngsidig verksamhet p\u00e5 havet och vid kusten<\/h1>\n<p>[\/et_pb_text][et_pb_text admin_label=&#8221;Text&#8221; _builder_version=&#8221;4.9.7&#8243; background_size=&#8221;initial&#8221; background_position=&#8221;top_left&#8221; background_repeat=&#8221;repeat&#8221; use_border_color=&#8221;off&#8221; border_color=&#8221;#ffffff&#8221; border_style=&#8221;solid&#8221; global_colors_info=&#8221;{}&#8221;]<\/p>\n<p>Marinreserven rf:s viktigaste uppgift \u00e4r att befr\u00e4mja och st\u00f6da sina medlemsf\u00f6reningars samarbete samt att utveckla det frivilliga f\u00f6rsvarsarbetet. Evenemang som omfattar flera f\u00f6reningar \u00e4r typiska f\u00f6r Marinreservens verksamhetsomr\u00e5de. Marinreserven st\u00f6der \u00e4ven F\u00f6rsvarsutbildningsf\u00f6reningens (MPK) Sj\u00f6f\u00f6rsvarsdistrikts verksamhet.<\/p>\n<p>&nbsp;<\/p>\n<h3>Marinens \u00e5rsdag<\/h3>\n<p>Marinens \u00e5rsdag firas den 9 juli till \u00e5minnelse av det andra slaget vid Svensksund, som \u00e4gde rum mellan 9 och 10 juli 1790 och betraktas som det st\u00f6rsta sj\u00f6slaget hittills i \u00d6stersj\u00f6ns historia. Marinreserven deltar i firandet av \u00e5rsdagen p\u00e5 m\u00e5nga s\u00e4tt: vi deltar med en egen flaggavdelning vid Marinens paradm\u00f6nstring, medlemsf\u00f6reningarnas fartyg deltar i Marinens fartygsparad, och de \u00e4r med i dagens publikevenemang med flagg \u00f6ver topp. Marinreserven har oftast en egen avdelning p\u00e5 Marinens f\u00f6revisningsomr\u00e5de. \u00c5rsdagen kulminerar i kv\u00e4llsfesten som Marinreserven ordnar och som samlar Marinens personal och reservister till en glad afton med middag och dans.<\/p>\n<p>&nbsp;<\/p>\n<h3>Marinf\u00f6rsvarsdagen<\/h3>\n<p>Marinreserven och Marinen arrangerar \u00e5rligen tillsammans ett seminarium om aktuella fr\u00e5gor f\u00f6r Marinen och Marinreserven. Efter informationsdelen f\u00f6rdjupar deltagarna sig i n\u00e5gon aktuell s\u00e4kerhetspolitiskt eller milit\u00e4r fr\u00e5ga med sakkunniga, f\u00f6ljt av en paneldebatt. Seminariet avslutas med en mottagning f\u00f6r n\u00e4tverkining. Marinf\u00f6rsvarsdagen \u00e4r f\u00f6r inbjudna deltagare och publiken representerar hela marinf\u00f6rsvarets f\u00e4lt inklusive akt\u00f6rernas olika samarbetspartners. Marinf\u00f6rsvarsdagen ordnas turvis p\u00e5 Marinstaben i Heikkil\u00e4, \u00c5bo och vid Sj\u00f6krigsskolan p\u00e5 Sveaborg, Helsingfors.<\/p>\n<p>&nbsp;<\/p>\n<h3>F\u00f6rbindelseofficersverksamhet<\/h3>\n<p>Marinreserven har producerat f\u00f6rbindelseofficerstj\u00e4nster f\u00f6r Marinen \u00e4nda sedan \u00e5r 1999. Nuf\u00f6rtiden organiseras verksamheten som en pluton, dess ledning samlar de kvalificerade och intresserade f\u00f6rbindelseofficerarna i reserven samt deras kompetensprofiler. Marinen best\u00e4ller den m\u00e4ngd f\u00f6rbindelse- eller sambandsofficerare de beh\u00f6ver f\u00f6r ett givet evenemang. Det kan vara fr\u00e5gan om en eller tv\u00e5 personer, till exempel f\u00f6r ett enskilt \u00f6rlogsbes\u00f6k.<\/p>\n<p>F\u00f6r stora \u00f6vningar eller evenemang, t.ex. Northern Coast -\u00f6vningar eller The Tall Ships Races -evenemangen, engageras tiotals f\u00f6rbindelseofficerare. Marinreserven producerar \u00e4ven kurser f\u00f6r f\u00f6rbindelseofficerare i samarbete med Sj\u00f6f\u00f6rsvarsdistriktet. F\u00f6rbindelseofficer \u00e4r en ben\u00e4mning p\u00e5 uppdraget, varigenom reservisterna med b\u00e5da officers-, underofficers- och manskapsgraden kan delta i uppdragen.<\/p>\n<p>&nbsp;<\/p>\n<h3>T\u00e4vlingsverksamhet<\/h3>\n<p>Marinreserven deltar aktivt i arrangerandet av olika t\u00e4vlingar. Medlemsf\u00f6reningarna har, st\u00f6dda av Marinreservens skytteutskott, \u00e5rligen ordnat fem skyttedagar f\u00f6r medlemsf\u00f6reningarna omkring landet.<\/p>\n<p>T\u00e4vlingen i sj\u00f6manskap (p\u00e5 finska &#8217;meritaitokilpailu&#8217;) f\u00e4r en t\u00e4vling som has ordnats f\u00f6r reservister \u00e5rligen fr\u00e5n och med \u00e5r 1953. Nuf\u00f6rtiden p\u00e5g\u00e5r t\u00e4vlingen p\u00e5 tv\u00e5 dafar och inneh\u00e5ller uppgifter f\u00f6r navigering p\u00e5 dagen och p\u00e5 natten samt pistolskytte.<\/p>\n<p>I navigeringsuppgifterna best\u00e4mmer man f\u00f6rst t\u00e4vlingsrutten p\u00e5 kartan med hj\u00e4lp av olika metoder och f\u00f6rs\u00f6ker sen k\u00f6r l\u00e4ngs rutten noggrannt p\u00e5 en befallad hastighet. Under rutten utf\u00f6r man olika uppgifter. Navigeringsapparaterna och m\u00e4tarna med undantag av kompassen h\u00e5lls avst\u00e4ngda under utf\u00f6randet.<\/p>\n<p>Enligt de f\u00f6rnyade reglerna best\u00e5r lagen av tre deltagare, som t\u00e4vlar mot andra lag p\u00e5 tv\u00e5 dagar. T\u00e4vligen utnyttjar f\u00f6rbindelseb\u00e5tarna f\u00f6r navigationspassen.<\/p>\n<p>&nbsp;<\/p>\n<h3>Bastukv\u00e4llar<\/h3>\n<p>D\u00e5 seglingss\u00e4songen inleds p\u00e5 v\u00e5ren ordnar Marinreserven en bastukv\u00e4ll p\u00e5 Sj\u00f6krigsskolans stora bastu f\u00f6r alla medlemmar hos medlemsf\u00f6reningarna. Under bastukv\u00e4llen f\u00e5r funktion\u00e4rerna och de f\u00f6rtroendevalda tr\u00e4ffas informellt och utbyta planer inf\u00f6r s\u00e4songen. Ett motsvarande evenemang ordnas p\u00e5 h\u00f6sten d\u00e5 seglingss\u00e4songen \u00e4r avslutad f\u00f6r utbytet av erfarenheter.<\/p>\n<p>&nbsp;<\/p>\n<h3>Finlandssvensk F\u00f6rsvarsdag<\/h3>\n<p>Marinreserven \u00e4r medarrang\u00f6r f\u00f6r den Finlandssvenska F\u00f6rsvarsdagen som ordnas vartannat \u00e5r. Programmet omfattar en dag med h\u00f6gklassiga f\u00f6redrag, en paneldiskussion samt en middag. Dagen samlar ca. 170 deltagare fr\u00e5n v\u00e5ra kustomr\u00e5den. F\u00f6rsvarsdagen ordnades i januari 2015 vid Bj\u00f6rneborgs Brigad i S\u00e4kyl\u00e4 och 2017 vid Gardesj\u00e4garregementet p\u00e5 Sandhamn, Helsingfors.<\/p>\n<p>&nbsp;<\/p>\n<h3>Premiering av bev\u00e4ringar<\/h3>\n<p>Marinreserven deltar i Marinens edg\u00e5ngsfester, Sj\u00f6krigsskolans kursavslutningar och Reservofficersskolans kursavslutningar samt med sin fana vid paradm\u00f6nstringar. \u00c4ven vid andra tillf\u00e4llen som ordnas f\u00f6r bev\u00e4ringarna, s\u00e5som anh\u00f6rigdagar och hemf\u00f6rlovningar, deltar Marinreserven om m\u00f6jligt. De lokala medlemsf\u00f6reningarna deltar i dessa tillf\u00e4llen som erbjuder en m\u00f6jlighet att ber\u00e4tta om reservistverksamheten och rekrytera nya medlemmar.<\/p>\n<p>&nbsp;<\/p>\n<h3>Informerande<\/h3>\n<p>F\u00f6rutom dessa hemsidor uppdaterar vi aktivt v\u00e5ra Facebook-sidor med namnet @SininenReservi. Vi finns \u00e4ven p\u00e5 Twitter och Instagram \u2013 l\u00e4nkar till profilerna finns i sidfoten.<\/p>\n<p>Tidskriften Rannikon Puolustaja (&#8217;Kustens F\u00f6rsvarare&#8217;) \u00e4r marinf\u00f6rsvarets professionella medlemstidning, som utnyttjas flitigt som informationskanal. M\u00e5nga medlemsf\u00f6reningar prenumererar p\u00e5 tidskriften \u00e5t sina medlemmar. Tidningen behandlar marinf\u00f6rsvaret p\u00e5 ett helt\u00e4ckande s\u00e4tt och s\u00e5v\u00e4l Marinreserven som medlemsf\u00f6reningarna publicerar artiklar om sin verksamhet p\u00e5 dess sidor. Vi s\u00e4nder \u00e4ven cirkul\u00e4r till medlemsf\u00f6reningarna.<\/p>\n<p>[\/et_pb_text][\/et_pb_column][\/et_pb_row][\/et_pb_section]<\/p>\n","protected":false},"excerpt":{"rendered":"<p>Marinreserven och dess medlemf\u00f6reningar erbjuder m\u00e5ngsidig verksamhet p\u00e5 havet och vid kustenMarinreserven rf:s viktigaste uppgift \u00e4r att befr\u00e4mja och st\u00f6da sina medlemsf\u00f6reningars samarbete samt att utveckla det frivilliga f\u00f6rsvarsarbetet. Evenemang som omfattar flera f\u00f6reningar \u00e4r typiska f\u00f6r Marinreservens verksamhetsomr\u00e5de. Marinreserven st\u00f6der \u00e4ven F\u00f6rsvarsutbildningsf\u00f6reningens (MPK) Sj\u00f6f\u00f6rsvarsdistrikts verksamhet. &nbsp; Marinens \u00e5rsdag Marinens \u00e5rsdag firas den 9 juli [&hellip;]<\/p>\n","protected":false},"author":1,"featured_media":0,"parent":0,"menu_order":3,"comment_status":"open","ping_status":"open","template":"","meta":{"_et_pb_use_builder":"on","_et_pb_old_content":"<p>Sininen Reservi ry:n t\u00e4rkein teht\u00e4v\u00e4 on edist\u00e4\u00e4 ja tukea j\u00e4senyhdistystens\u00e4 yhteisty\u00f6t\u00e4 sek\u00e4 kehitt\u00e4\u00e4 vapaaehtoista maanpuolustusty\u00f6t\u00e4. Useammalle yhdistykselle suunnatut tapahtumat ovat tyypillisesti Sinisen Reservin toiminta-aluetta. Sininen Reservi ry tukee my\u00f6s Maanpuolustuskoulutusyhdistyksen Meripuolustuspiirin toimintaa.<\/p><h3>Merivoimien vuosip\u00e4iv\u00e4 9.7.<\/h3><p>hein\u00e4kuuta, jolloin v. 1790 k\u00e4ytiin <a href=\"http:\/\/fi.wikipedia.org\/wiki\/Ruotsinsalmen_toinen_meritaistelu\" target=\"_blank\">Ruotsinsalmen toinen meritaistelu<\/a> , on Merivoimien vuosip\u00e4iv\u00e4 ja Sininen Reservi osallistuu sen viettoon monella tavalla. Meill\u00e4 on oma lippuosasto Merivoimien paraatikatselmuksessa ja j\u00e4senyhdistystemme veneet osallistuvat alusparaatiin sek\u00e4 ovat p\u00e4iv\u00e4n aikana juhlaliputettuina mukana yleis\u00f6tapahtumassa. Sinisell\u00e4 Reservill\u00e4 on oma esittelypiste Merivoimien esittelyalueella. P\u00e4iv\u00e4 huipentuu iltajuhlaan jonka Sininen Reservi j\u00e4rjest\u00e4\u00e4. T\u00e4m\u00e4 tilaisuus kokoaa meripuolustuksen reservil\u00e4isi\u00e4 ja Merivoimien henkil\u00f6kuntaa iloiseen juhlaan illallisen ja tanssin merkeiss\u00e4. Vuonna 2015 osallistumme alusparaatiin Helsingiss\u00e4 8. hein\u00e4kuuta ja iltajuhla j\u00e4rjestet\u00e4\u00e4n Suomenlinnan Upseerikerholla 9.7. Tietoja ilmoittautumisesta n\u00e4ill\u00e4 sivuilla, Facebook-sivuillamme sek\u00e4 Rannikon Puolustajassa.<\/p><h3>Meripuolustusp\u00e4iv\u00e4<\/h3><p>Sininen Reservi ry ja Merivoimat j\u00e4rjest\u00e4v\u00e4t vuosittain yhdess\u00e4 seminaaritilaisuuden jossa k\u00e4sitell\u00e4\u00e4n sek\u00e4 Merivoimien ett\u00e4 Sinisen Reservin tapahtumia ja tulevaisuuden n\u00e4kymi\u00e4. T\u00e4m\u00e4n \u201dinfo-osion\u201d j\u00e4lkeen paneudutaan johonkin ajankohtaiseen turvallisuuspoliittiseen tai sotilaalliseen aiheeseen alustusten kautta. Asiantuntijoiden alustuksia seuraa paneelikeskustelu. Tilaisuus p\u00e4\u00e4ttyy vastaanottoon verkostoitumisen merkeiss\u00e4. Meripuolustusp\u00e4iv\u00e4 on kutsuvierastilaisuus ja yleis\u00f6 edustaa koko meripuolustuksen kentt\u00e4\u00e4 ja eri toimijoiden sidosryhmi\u00e4. Meripuolustusp\u00e4iv\u00e4 j\u00e4rjestet\u00e4\u00e4n vuorovuosina Merivoimien Esikunnassa Turun Heikkil\u00e4ss\u00e4 ja Merisotakoululla Suomenlinnassa.<\/p><h3>Yhteysupseeritoiminta<\/h3><p>Sininen Reservi on tuottanut yhteysupseeripalveluja Merivoimille jo vuodesta 1999. Toiminta on nyky\u00e4\u00e4n j\u00e4rjestetty viirik\u00f6n muotoon. Viirik\u00f6n johdolla on tiedossa yhteysupseerin teht\u00e4viin halukkaat ja heid\u00e4n osaamisprofiilinsa. Merivoimat tilaavat viirik\u00f6lt\u00e4 kulloiseenkin tapahtumaan tarvittavan m\u00e4\u00e4r\u00e4n yhteysupseereita. Kyse voi olla yhdest\u00e4 tai kahdesta henkil\u00f6st\u00e4 jos esim. yksitt\u00e4inen sota-alus on vierailulla Suomessa. Suurissa tapahtumissa kuten Northern Coasts- harjoituksissa tai Tall Ships Races-kilpailuissa mukana on kymmenitt\u00e4in yhteysupseereita. Yhteysupseeriviirikk\u00f6 tuottaa my\u00f6s yhteysupseerikursseja Meripuolustuspiirin kanssa. Jos haluat mukaan voit ottaa yhteytt\u00e4 Turun ruodun p\u00e4\u00e4llikk\u00f6\u00f6n <a href=\"mailto:jan.wahlstein@tld.fi\">Jan Wahlsteiniin<\/a> tai Helsingin ruodun p\u00e4\u00e4llikk\u00f6\u00f6n <a href=\"mailto:sami.linnermo@lvi-linnermo.com\">Sami Linnermoon<\/a>. \u201dYhteysupseeri\u201d on teht\u00e4v\u00e4nimike, upseerin arvo ei ole edellytys. Suuremmissa tapahtumissa tarvitaan my\u00f6s muita toimijoita, esimerkiksi johtokeskuksessa (\u201dHarbour Centre\u201d).<\/p><h3>Kilpailutoiminta<\/h3><p>Sininen Reservi osallistuu aktiivisesti erilaisten kilpailujen j\u00e4rjest\u00e4miseen. J\u00e4senyhdistykset ovat, Sinisen Reservin ampumatoimikunnan tukemina, j\u00e4rjest\u00e4neet vuosittain 3 j\u00e4senyhdistyksille suunnattua ampumap\u00e4iv\u00e4\u00e4.<\/p><p>Reservil\u00e4isille tarkoitettu Meritaitokilpailu j\u00e4rjestet\u00e4\u00e4n vuosittain Reservil\u00e4isurheiluliiton lipun alla mutta valtaosa niin kilpailijoista kuin j\u00e4rjest\u00e4jist\u00e4kin ovat Sinisen Reservin toimijoita.<\/p><h3>Sauna-illat<\/h3><p>Purjehduskauden alkaessa Sininen Reservi j\u00e4rjest\u00e4\u00e4 kaikille j\u00e4senyhdistystens\u00e4 j\u00e4senille tarkoitetun sauna-illan Merisotakoululla. Eri yhdistysten toimijat voivat n\u00e4in tavata vapaamuotoisesti ja jakaa kauden suunnitelmia kesken\u00e4\u00e4n. Vastaavasti purjehduskauden p\u00e4\u00e4ttyess\u00e4 on aika vaihtaa kokemuksia samaisilla lauteilla. Vuoden 2015 sauna-illat j\u00e4rjestet\u00e4\u00e4n 15.5 ja 30.10. Ilmoittautumiset oman j\u00e4senyhdistyksen kautta!<\/p><h3>Finlandssvensk F\u00f6rsvarsdag<\/h3><p>Sininen Reservi on yksi j\u00e4rjest\u00e4j\u00e4taho joka toinen vuosi j\u00e4rjestett\u00e4ville suomenruotsalaisille puolustusp\u00e4iville. Yhden p\u00e4iv\u00e4n kest\u00e4v\u00e4 ohjelma sis\u00e4lt\u00e4\u00e4 korkeatasoisia esitelmi\u00e4, paneelikeskustelun sek\u00e4 iltajuhlan. Tilaisuus kokoaa noin 170 henkil\u00f6\u00e4 rannikkoseuduiltamme. F\u00f6rsvarsdagen j\u00e4rjestettiin tammikuussa 2015 S\u00e4kyl\u00e4ss\u00e4, Porin Prikaatissa.<\/p><h3>Varusmiesten palkitsemiset<\/h3><p>Sininen Reservi ry osallistuu Merivoimien valatilaisuuksiin, Merisotakoulun reserviupseerikurssien p\u00e4\u00e4tt\u00e4j\u00e4isiin, ja Reserviupseerikoulun kurssien p\u00e4\u00e4tt\u00e4j\u00e4isiin sek\u00e4 paraatikatselmuksiin lippunsa kanssa. My\u00f6s muissa varusmiehille tarkoitetuissa tilaisuuksissa kuten omaistenp\u00e4iv\u00e4t ja kotiuttamistilaisuudet Sininen Reservi osallistuu mahdollisuuksien mukaan. Paikallisten j\u00e4senyhdistysten edustajat osallistuvat my\u00f6s n\u00e4ihin tilaisuuksiin, jotka antavat mahdollisuuden esitell\u00e4 reservil\u00e4istoimintaa.<\/p><h3>Tiedottaminen<\/h3><p>N\u00e4iden kotisivujen lis\u00e4ksi p\u00e4ivit\u00e4mme aktiivisesti <a href=\"http:\/\/www.facebook.com\/sininenreserv\" target=\"_blank\">Facebook-sivujamme<\/a>. <a href=\"http:\/\/www.rannikonpuolustaja.fi\/\" target=\"_blank\">Rannikon Puolustaja-lehti<\/a> on toinen, t\u00e4rke\u00e4, tiedotuskanavamme. Monet j\u00e4senyhdistyksemme tilaavat lehden j\u00e4senilleen. Se k\u00e4sittelee ta laajasti ja niin Sininen Reservi kuin monet j\u00e4senyhdistykset kirjoittavat siihen toiminnastaan. L\u00e4het\u00e4mme my\u00f6s suoraan tiedotteita j\u00e4senyhdistyksillemme. Hallituksemme p\u00f6yt\u00e4kirjat toimitetaan j\u00e4senyhdistysten puheenjohtajille.<\/p>","_et_gb_content_width":"","_exactmetrics_skip_tracking":false,"_exactmetrics_sitenote_active":false,"_exactmetrics_sitenote_note":"","_exactmetrics_sitenote_category":0,"footnotes":""},"class_list":["post-982","page","type-page","status-publish","hentry"],"_links":{"self":[{"href":"https:\/\/www.sininenreservi.fi\/sv\/wp-json\/wp\/v2\/pages\/982","targetHints":{"allow":["GET"]}}],"collection":[{"href":"https:\/\/www.sininenreservi.fi\/sv\/wp-json\/wp\/v2\/pages"}],"about":[{"href":"https:\/\/www.sininenreservi.fi\/sv\/wp-json\/wp\/v2\/types\/page"}],"author":[{"embeddable":true,"href":"https:\/\/www.sininenreservi.fi\/sv\/wp-json\/wp\/v2\/users\/1"}],"replies":[{"embeddable":true,"href":"https:\/\/www.sininenreservi.fi\/sv\/wp-json\/wp\/v2\/comments?post=982"}],"version-history":[{"count":12,"href":"https:\/\/www.sininenreservi.fi\/sv\/wp-json\/wp\/v2\/pages\/982\/revisions"}],"predecessor-version":[{"id":2826,"href":"https:\/\/www.sininenreservi.fi\/sv\/wp-json\/wp\/v2\/pages\/982\/revisions\/2826"}],"wp:attachment":[{"href":"https:\/\/www.sininenreservi.fi\/sv\/wp-json\/wp\/v2\/media?parent=982"}],"curies":[{"name":"wp","href":"https:\/\/api.w.org\/{rel}","templated":true}]}}