{"id":958,"date":"2015-02-13T14:57:14","date_gmt":"2015-02-13T12:57:14","guid":{"rendered":"http:\/\/www.sininenreservi.fi\/sv\/sininen-reservi\/historia\/"},"modified":"2024-03-10T14:06:38","modified_gmt":"2024-03-10T12:06:38","slug":"historia","status":"publish","type":"page","link":"https:\/\/www.sininenreservi.fi\/sv\/om-oss\/historia\/","title":{"rendered":"Historia"},"content":{"rendered":"<p>[et_pb_section fb_built=&#8221;1&#8243; fullwidth=&#8221;on&#8221; _builder_version=&#8221;4.16&#8243; global_colors_info=&#8221;{}&#8221;][et_pb_fullwidth_slider admin_label=&#8221;Fullwidth Slider&#8221; _builder_version=&#8221;4.16&#8243; custom_padding=&#8221;|||&#8221; custom_padding_tablet=&#8221;|||&#8221; custom_padding_phone=&#8221;|||&#8221; box_shadow_style=&#8221;preset6&#8243; box_shadow_blur=&#8221;10px&#8221; box_shadow_color=&#8221;rgba(0,0,0,0.1)&#8221; show_inner_shadow=&#8221;on&#8221; global_colors_info=&#8221;{}&#8221; button_text_size__hover_enabled=&#8221;off&#8221; button_one_text_size__hover_enabled=&#8221;off&#8221; button_two_text_size__hover_enabled=&#8221;off&#8221; button_text_color__hover_enabled=&#8221;off&#8221; button_one_text_color__hover_enabled=&#8221;off&#8221; button_two_text_color__hover_enabled=&#8221;off&#8221; button_border_width__hover_enabled=&#8221;off&#8221; button_one_border_width__hover_enabled=&#8221;off&#8221; button_two_border_width__hover_enabled=&#8221;off&#8221; button_border_color__hover_enabled=&#8221;off&#8221; button_one_border_color__hover_enabled=&#8221;off&#8221; button_two_border_color__hover_enabled=&#8221;off&#8221; button_border_radius__hover_enabled=&#8221;off&#8221; button_one_border_radius__hover_enabled=&#8221;off&#8221; button_two_border_radius__hover_enabled=&#8221;off&#8221; button_letter_spacing__hover_enabled=&#8221;off&#8221; button_one_letter_spacing__hover_enabled=&#8221;off&#8221; button_two_letter_spacing__hover_enabled=&#8221;off&#8221; button_bg_color__hover_enabled=&#8221;off&#8221; button_one_bg_color__hover_enabled=&#8221;off&#8221; button_two_bg_color__hover_enabled=&#8221;off&#8221;][et_pb_slide _builder_version=&#8221;4.16&#8243; background_color=&#8221;#ffffff&#8221; background_image=&#8221;https:\/\/www.sininenreservi.fi\/wp-content\/uploads\/2015\/02\/historia2-1200&#215;440.jpg&#8221; global_colors_info=&#8221;{}&#8221; button_text_size__hover_enabled=&#8221;off&#8221; button_one_text_size__hover_enabled=&#8221;off&#8221; button_two_text_size__hover_enabled=&#8221;off&#8221; button_text_color__hover_enabled=&#8221;off&#8221; button_one_text_color__hover_enabled=&#8221;off&#8221; button_two_text_color__hover_enabled=&#8221;off&#8221; button_border_width__hover_enabled=&#8221;off&#8221; button_one_border_width__hover_enabled=&#8221;off&#8221; button_two_border_width__hover_enabled=&#8221;off&#8221; button_border_color__hover_enabled=&#8221;off&#8221; button_one_border_color__hover_enabled=&#8221;off&#8221; button_two_border_color__hover_enabled=&#8221;off&#8221; button_border_radius__hover_enabled=&#8221;off&#8221; button_one_border_radius__hover_enabled=&#8221;off&#8221; button_two_border_radius__hover_enabled=&#8221;off&#8221; button_letter_spacing__hover_enabled=&#8221;off&#8221; button_one_letter_spacing__hover_enabled=&#8221;off&#8221; button_two_letter_spacing__hover_enabled=&#8221;off&#8221; button_bg_color__hover_enabled=&#8221;off&#8221; button_one_bg_color__hover_enabled=&#8221;off&#8221; button_two_bg_color__hover_enabled=&#8221;off&#8221; sticky_transition=&#8221;on&#8221;][\/et_pb_slide][\/et_pb_fullwidth_slider][\/et_pb_section][et_pb_section fb_built=&#8221;1&#8243; _builder_version=&#8221;4.16&#8243; global_colors_info=&#8221;{}&#8221;][et_pb_row _builder_version=&#8221;4.16&#8243; background_size=&#8221;initial&#8221; background_position=&#8221;top_left&#8221; background_repeat=&#8221;repeat&#8221; global_colors_info=&#8221;{}&#8221;][et_pb_column type=&#8221;4_4&#8243; _builder_version=&#8221;4.16&#8243; custom_padding=&#8221;|||&#8221; global_colors_info=&#8221;{}&#8221; custom_padding__hover=&#8221;|||&#8221;][et_pb_text admin_label=&#8221;Otsikko&#8221; _builder_version=&#8221;4.16&#8243; background_size=&#8221;initial&#8221; background_position=&#8221;top_left&#8221; background_repeat=&#8221;repeat&#8221; global_colors_info=&#8221;{}&#8221;]<\/p>\n<h1>Marinreservens historia<\/h1>\n<p>[\/et_pb_text][et_pb_text admin_label=&#8221;Text&#8221; _builder_version=&#8221;4.23&#8243; background_size=&#8221;initial&#8221; background_position=&#8221;top_left&#8221; background_repeat=&#8221;repeat&#8221; hover_enabled=&#8221;0&#8243; global_colors_info=&#8221;{}&#8221; sticky_enabled=&#8221;0&#8243;]<\/p>\n<h3>V\u00e5ra r\u00f6tter<\/h3>\n<p>Marinreserven rf \u00e4r grundad 1997, men v\u00e5r historia \u00e4r betydligt \u00e4ldre. Den \u00e4ldsta av v\u00e5ra medlemsf\u00f6reningar \u00e4r Kustsoldathemsf\u00f6reningen rf, som grundades redan i b\u00f6rjan av Finlands sj\u00e4lvst\u00e4ndighet i \u00e5r 1918. RT-kerho Johtorengas, grundad 1937, \u00e4r \u00e5 sin sida Finlands \u00e4ldsta reservofficersklubb som \u00e4r bunden till ett vapenslag. N\u00e5gra av Marinreservens medlemsf\u00f6reningar h\u00e4rstammar fr\u00e5n Marinskyddsk\u00e5rerna osv.<\/p>\n<p>Ytterligare information om Marinreserven rf:s historia och f\u00f6reningens grundande hittar du fr\u00e5n v\u00e5r 25-\u00e5rshistorik <a href=\"https:\/\/www.sininenreservi.fi\/sv\/om-oss\/historiken\/\"><em><strong>Frivillig styrka till havs och vid kusten<\/strong><\/em><\/a>, publicerad \u00e5r 2023.<\/p>\n<p>&nbsp;<\/p>\n<h3>Marinreservens grundande<\/h3>\n<p>Tankarna om marint samarbete f\u00f6ddes redan p\u00e5 1970-talet mellan marinanknutna reservofficers- och reservistf\u00f6reningar i huvudstadsregionen. Gemensamma faktorer var t\u00e4vlingarna i sj\u00f6manskap, skytte och navigation med fartyg som stod till f\u00f6reningarnas gemensamma f\u00f6rfogande. Tankarna om ett t\u00e4tare samarbete f\u00f6rdjupades p\u00e5 1990-talet d\u00e5 Helsingfors Reservmarinofficerare (Helsingin Reservimeriupseerit ry) och Helsingfors Reservmerinunderofficerare (Helsingin Merireservil\u00e4iset ry) fick utrymmen i samband med Helsingfors Flottgilles (Helsingin Laivastokilta) utrymmen p\u00e5 Skatudden.<\/p>\n<p>Dessa tre f\u00f6reningar besl\u00f6t \u00e5r 1993 att vidareutveckla verksamheten f\u00f6r de marinanknutna reservistf\u00f6reningarna i huvudstadsregionen. Samarbetet utvecklades f\u00f6rs som Marinreservens skolningsverksamhet. Den \u00e4r 1992 grundade F\u00f6rsvarsutbildningsf\u00f6reningen (MPK) var en betydande partner redan fr\u00e5n f\u00f6rsta b\u00f6rjan.<\/p>\n<p>Grundandet av Marinreserven rf tog ett betydande steg \u00e5r 1995 d\u00e5 kommend\u00f6ren f\u00f6r Marinen, viceamiral Sakari Visa, slog fast Marinens st\u00e4llning till reservistverksamheten. F\u00f6rhandlingarna mellan de f\u00f6reningar som verkade inom Marinens omr\u00e5de tog fart. M\u00e5ls\u00e4ttningen var klar \u2013 Marinreserven rf (Sininen Reservi ry) skulle grundas. Planeringen och arbetet f\u00f6r att grunda f\u00f6reningen initierades vid en reserv\u00f6vning som Marinstaben verkst\u00e4llde p\u00e5 Sj\u00f6krigsskolan. Det viktiga och intima samarbetet med Marinen forts\u00e4tter och utvecklas kontinuerligt.<\/p>\n<p>F\u00f6reningens stiftande mote h\u00f6lls p\u00e5 Sj\u00f6krigsskolan p\u00e5 Sveaborg, den 17.5.1997. Marinreserven rf:s \u00e5tta grundande medlemmar var Helsingfors Flottgille (Helsingin Laivastokilta ry), Helsingfors Reservmarinofficerare (Helsingin Reservimeriupseerit ry), Helsingfors Reservmarinunderofficerare (Helsingin Merireservil\u00e4iset ry), Kymmene Flottgille (Kymen Laivastokilta ry), Kustsoldathemsf\u00f6reningen (Rannikkosotilaskotiyhdistys ry), \u00c5bo Flottgille (Turun Laivastokilta ry), \u00c5bo Kustartillerigille (Turun Rannikkotykist\u00f6kilta ry) och \u00c5bo Reservmarinofficerare (Turun Reservimeriupseerit ry).<\/p>\n<p>&nbsp;<\/p>\n<h3>Antalet medlemsf\u00f6reningar v\u00e4xer<\/h3>\n<p>F\u00f6rsvarsreformen den 1.7.1998 f\u00f6renade kust- och \u00f6rlogsstyrkorna till Marinen, och samtidigt slogs \u00e4ven f\u00f6reningar p\u00e5 den frivilliga sidan ihop. Detta skedde s\u00e5v\u00e4l inom utbildningsorganisationen som inom f\u00f6reningarna. Kusttruppernas reservistf\u00f6reningar ansl\u00f6t sig och Marinreserven rf v\u00e4xte snabbt till en betydande nationell akt\u00f6r.<\/p>\n<p>F\u00f6r att markera f\u00f6reningens fem\u00e5rsjubileum invigdes den 8.7.2002 f\u00f6reningens f\u00f6rsta regionala fana; \u00c5boregionens fana. Den f\u00f6ljdes av fanor f\u00f6r de \u00f6vriga regionerna: Marinkarelen, Helsingfors\/Nyland samt \u00d6sterbotten \u2013 varje fana m\u00e4rkt med ifr\u00e5gavarande landskapssymbol. Marinreserves fanor planerades av kommend\u00f6rkaptenen och heraldikern Tapani Talari.<\/p>\n<p>Fr\u00e5n f\u00f6rsta b\u00f6rjan har Marinreservens verksamhet gynnats av Marinstiftelsen och Kuystf\u00f6rsvarsstiftelsen.<\/p>\n<p>&nbsp;<\/p>\n<h3>Tidigare ordf\u00f6randen<\/h3>\n<p>De f\u00f6ljande personerna har fungerat som Marinreserven rf:s ordf\u00f6rande sedan f\u00f6reningens grundande:<\/p>\n<ol>\n<li>Timo Vartiainen (1997\u20132000)<\/li>\n<li>Reijo Telaranta (2000\u20132003)<\/li>\n<li>Matti Kaskeala (2003\u20132006)<\/li>\n<li>Arno Hakkarainen (2006\u20132011)<\/li>\n<li>Jarmo Holm (2011\u20132013)<\/li>\n<li>Robin Elfving (2013\u20132018)<\/li>\n<li>Antti Rautiainen (2018\u20132022)<\/li>\n<li>Petri K\u00e4yhk\u00f6 (2022\u2013)<\/li>\n<\/ol>\n<p>I trots av f\u00f6r\u00e4ndringarna i verksamhetsmilj\u00f6n \u00e4r Marinreservens b\u00e4rande tanke alltj\u00e4mt att fr\u00e4mja samarbetet mellan Marinens och Sj\u00f6bevakningens reservistorganisationer.<\/p>\n<h3>\u200b<\/h3>\n<p>[\/et_pb_text][\/et_pb_column][\/et_pb_row][\/et_pb_section]<\/p>\n","protected":false},"excerpt":{"rendered":"<p>Marinreservens historiaV\u00e5ra r\u00f6tter Marinreserven rf \u00e4r grundad 1997, men v\u00e5r historia \u00e4r betydligt \u00e4ldre. Den \u00e4ldsta av v\u00e5ra medlemsf\u00f6reningar \u00e4r Kustsoldathemsf\u00f6reningen rf, som grundades redan i b\u00f6rjan av Finlands sj\u00e4lvst\u00e4ndighet i \u00e5r 1918. RT-kerho Johtorengas, grundad 1937, \u00e4r \u00e5 sin sida Finlands \u00e4ldsta reservofficersklubb som \u00e4r bunden till ett vapenslag. N\u00e5gra av Marinreservens medlemsf\u00f6reningar h\u00e4rstammar [&hellip;]<\/p>\n","protected":false},"author":1,"featured_media":0,"parent":953,"menu_order":1,"comment_status":"open","ping_status":"open","template":"","meta":{"_et_pb_use_builder":"on","_et_pb_old_content":"<h2>Historiamme juuret<\/h2><p>Sininen Reservi ry on perustettu 1997 mutta sen historia on huomattavasti vanhempi. J\u00e4senyhdistyksist\u00e4 vanhin on Rannikkosotilaskotiyhdistys ry, joka perustettiin jo heti Suomen itsen\u00e4isyyden alussa, vuonna 1918. RT-kerho Johtorengas taas on maamme vanhin aselajipohjainen reserviupseerikerho, perustettu jo 1937. Jotkut Sinisen Reservin j\u00e4senyhdistykset laskevat perinteens\u00e4 Merisuojeluskunnasta jne. Ajan saatossa tarpeet muuttuvat ja nuorin j\u00e4senist\u00e4mme, Pirkanmaan Meripuolustuskilta perustettiin 2013. Yhteens\u00e4 Sininen Reservi ry:ll\u00e4 on 30 j\u00e4senyhdistyst\u00e4.<\/p><h2>Sininen Reservi ry:n tausta<\/h2><p>Yhteistoiminta-ajatuksen kehittyminen alkoi p\u00e4\u00e4kaupunkiseudulla toimivien merellisten reserviupseeri- ja reservil\u00e4isyhdistyksien toiminnassa jo 1970-luvulla. Yhdist\u00e4vin\u00e4 tekij\u00f6in\u00e4 olivat merikilpailutoiminta, ammunta ja merenkulku yhteisess\u00e4 k\u00e4yt\u00f6ss\u00e4 olleilla aluksilla. Kun Helsingin Laivastokillan k\u00e4yt\u00f6ss\u00e4 Katajanokalla olleeseen kerhotilaan tuli 1990-luvun alussa my\u00f6s tilat Helsingin Reservimeriupseereille ja Helsingin Merialiupseereille, syventyiv\u00e4t ajatukset edelleen yhteisty\u00f6n tiivist\u00e4misest\u00e4.<\/p><p>Vuonna 1993 keskustelut jatkuivat ja Helsingin Laivastokilta, Helsingin Merireservil\u00e4iset ja Helsingin Reservimeriupseerit p\u00e4\u00e4ttiv\u00e4t kehitt\u00e4\u00e4 p\u00e4\u00e4kaupunkiseudulla toimivien merellisten reservil\u00e4isj\u00e4rjest\u00f6jen yhteistoimintaa. T\u00e4m\u00e4 toteutui alussa Merireservin, sittemmin Sinisen Reservin koulutustoimintana. Merkitt\u00e4v\u00e4n\u00e4 yhteisty\u00f6kumppanina toimi alusta asti vuonna 1992 toimintansa aloittanut vapaaehtoinen maanpuolustuskoulutus, MPK ry. (Nyky\u00e4\u00e4n MPK).<\/p><h2>Merivoimien tukemana kohti perustamista<\/h2><p>Sininen Reservi ry:n perustaminen otti merkitt\u00e4v\u00e4n askeleen vuonna 1995 kun Merivoimien komentaja, vara-amiraali Sakari Visa, linjasi Merivoimien kantaa merelliseen reservil\u00e4istoimintaan. T\u00e4st\u00e4 alkoivat neuvottelut merivoimien alueella toimivien yhdistysten kesken. Tavoite oli selv\u00e4, perustetaan Sininen Reservi ry. Merisotakoululla j\u00e4rjestetty Merivoimien Esikunnan johtama kertausharjoitus aloitti suunnittelun ja yhdistyksen perustamistoimet. Tiivis ja t\u00e4rke\u00e4 kumppanuus Merivoimien kanssa jatkuu ja kehittyy edelleen.<\/p><h2>J\u00e4senyhdistysten m\u00e4\u00e4r\u00e4 kasvussa<\/h2><p>Puolustusvoimien organisaatiomuutos 1.7.1998 muodosti rannikko- ja laivastojoukoista yhteiset merivoimat ja samalla my\u00f6s vapaaehtoisella puolella reservil\u00e4isten organisaatioita yhdistettiin. T\u00e4m\u00e4 yhdist\u00e4minen toteutettiin sek\u00e4 koulutusorganisaatiossa ett\u00e4 yhdistyskent\u00e4ss\u00e4. Mukaan toimintaan tulivat my\u00f6s rannikkojoukkojen reservil\u00e4isyhdistyksi\u00e4, Sininen Reservi ry kasvoi nopeasti merkitt\u00e4v\u00e4ksi valtakunnalliseksi toimijaksi.<\/p><h2>Lippu yhdistykselle<\/h2><p>Viisivuotisen toiminnan kunniaksi vihittiin 8.7.2002 k\u00e4ytt\u00f6\u00f6n ensimm\u00e4inen alueellinen Sininen Reservi ry:n lippu; Turun alueen lippu. Sit\u00e4 seurasivat kukin omalla maakuntatunnuksellaan merkittyn\u00e4 Merikarjalan, Helsinki\/Uusimaan sek\u00e4 Pohjanlahden liput. Lipun Sininen Reservi ry:lle suunnitteli komentajakapteeni, heraldikko Tapani Talari.<\/p><p>Toiminnan alusta alkaen ovat Sinisen Reservi ry:t\u00e4 tukeneet Sinisen Reservin S\u00e4\u00e4ti\u00f6, nykyinen Meripuolustuss\u00e4\u00e4ti\u00f6 ja Rannikkotykist\u00f6s\u00e4\u00e4ti\u00f6.<\/p><h2>Perustajaj\u00e4senet<\/h2><p>Sininen Reservi ry:n kahdeksan perustajaj\u00e4sent\u00e4 ovat: Helsingin Laivastokilta ry, Helsingin Reservimeriupseerit ry, Helsingin Merireservil\u00e4iset ry (nykyinen Merireservil\u00e4iset ry), Kymen Laivastokilta ry, Rannikkosotilaskotiyhdistys ry, Turun Laivastokilta ry, Turun Rannikkotykist\u00f6kilta ry ja Turun Reservimeriupseerit ry.<\/p><p>Yhdistyksen perustamiskokous pidettiin Merisotakoululla, Suomenlinnassa 17.5.1997.<\/p><h2>Puheenjohtajat<\/h2><p>Sininen Reservi ry:n puheenjohtajana ovat toimineet Timo Vartiainen (1998-2000), Reijo Telaranta (2000-2003), Matti Kaskeala (2003-2006), Arno Hakkarainen (2006-2011), Jarmo Holm (2011-2013). Kev\u00e4\u00e4st\u00e4 2013 alkaen on yhdistyksen puheenjohtaja Robin Elfving.<\/p><p>Sininen Reservi ry:n kantava ajatus on edelleen Merivoimien ja Merivartiostojen reservil\u00e4isyhdistysten yhteisty\u00f6n edist\u00e4minen.<\/p>","_et_gb_content_width":"","_exactmetrics_skip_tracking":false,"_exactmetrics_sitenote_active":false,"_exactmetrics_sitenote_note":"","_exactmetrics_sitenote_category":0,"footnotes":""},"class_list":["post-958","page","type-page","status-publish","hentry"],"_links":{"self":[{"href":"https:\/\/www.sininenreservi.fi\/sv\/wp-json\/wp\/v2\/pages\/958","targetHints":{"allow":["GET"]}}],"collection":[{"href":"https:\/\/www.sininenreservi.fi\/sv\/wp-json\/wp\/v2\/pages"}],"about":[{"href":"https:\/\/www.sininenreservi.fi\/sv\/wp-json\/wp\/v2\/types\/page"}],"author":[{"embeddable":true,"href":"https:\/\/www.sininenreservi.fi\/sv\/wp-json\/wp\/v2\/users\/1"}],"replies":[{"embeddable":true,"href":"https:\/\/www.sininenreservi.fi\/sv\/wp-json\/wp\/v2\/comments?post=958"}],"version-history":[{"count":7,"href":"https:\/\/www.sininenreservi.fi\/sv\/wp-json\/wp\/v2\/pages\/958\/revisions"}],"predecessor-version":[{"id":3538,"href":"https:\/\/www.sininenreservi.fi\/sv\/wp-json\/wp\/v2\/pages\/958\/revisions\/3538"}],"up":[{"embeddable":true,"href":"https:\/\/www.sininenreservi.fi\/sv\/wp-json\/wp\/v2\/pages\/953"}],"wp:attachment":[{"href":"https:\/\/www.sininenreservi.fi\/sv\/wp-json\/wp\/v2\/media?parent=958"}],"curies":[{"name":"wp","href":"https:\/\/api.w.org\/{rel}","templated":true}]}}