{"id":953,"date":"2019-09-26T14:49:28","date_gmt":"2019-09-26T11:49:28","guid":{"rendered":"http:\/\/www.sininenreservi.fi\/sv\/sininen-reservi\/"},"modified":"2024-06-11T23:44:59","modified_gmt":"2024-06-11T20:44:59","slug":"om-oss","status":"publish","type":"page","link":"https:\/\/www.sininenreservi.fi\/sv\/om-oss\/","title":{"rendered":"Om oss"},"content":{"rendered":"<p>[et_pb_section fb_built=&#8221;1&#8243; fullwidth=&#8221;on&#8221; _builder_version=&#8221;4.16&#8243; global_colors_info=&#8221;{}&#8221;][et_pb_fullwidth_slider admin_label=&#8221;Fullwidth Slider&#8221; _builder_version=&#8221;4.16&#8243; custom_padding=&#8221;|||&#8221; custom_padding_tablet=&#8221;|||&#8221; custom_padding_phone=&#8221;|||&#8221; box_shadow_style=&#8221;preset6&#8243; box_shadow_blur=&#8221;10px&#8221; box_shadow_color=&#8221;rgba(0,0,0,0.1)&#8221; show_inner_shadow=&#8221;on&#8221; global_colors_info=&#8221;{}&#8221; button_text_size__hover_enabled=&#8221;off&#8221; button_one_text_size__hover_enabled=&#8221;off&#8221; button_two_text_size__hover_enabled=&#8221;off&#8221; button_text_color__hover_enabled=&#8221;off&#8221; button_one_text_color__hover_enabled=&#8221;off&#8221; button_two_text_color__hover_enabled=&#8221;off&#8221; button_border_width__hover_enabled=&#8221;off&#8221; button_one_border_width__hover_enabled=&#8221;off&#8221; button_two_border_width__hover_enabled=&#8221;off&#8221; button_border_color__hover_enabled=&#8221;off&#8221; button_one_border_color__hover_enabled=&#8221;off&#8221; button_two_border_color__hover_enabled=&#8221;off&#8221; button_border_radius__hover_enabled=&#8221;off&#8221; button_one_border_radius__hover_enabled=&#8221;off&#8221; button_two_border_radius__hover_enabled=&#8221;off&#8221; button_letter_spacing__hover_enabled=&#8221;off&#8221; button_one_letter_spacing__hover_enabled=&#8221;off&#8221; button_two_letter_spacing__hover_enabled=&#8221;off&#8221; button_bg_color__hover_enabled=&#8221;off&#8221; button_one_bg_color__hover_enabled=&#8221;off&#8221; button_two_bg_color__hover_enabled=&#8221;off&#8221;][et_pb_slide _builder_version=&#8221;4.16&#8243; background_color=&#8221;#ffffff&#8221; background_image=&#8221;https:\/\/www.sininenreservi.fi\/wp-content\/uploads\/2015\/02\/sininen_reservi-1200&#215;440.jpg&#8221; global_colors_info=&#8221;{}&#8221; button_text_size__hover_enabled=&#8221;off&#8221; button_one_text_size__hover_enabled=&#8221;off&#8221; button_two_text_size__hover_enabled=&#8221;off&#8221; button_text_color__hover_enabled=&#8221;off&#8221; button_one_text_color__hover_enabled=&#8221;off&#8221; button_two_text_color__hover_enabled=&#8221;off&#8221; button_border_width__hover_enabled=&#8221;off&#8221; button_one_border_width__hover_enabled=&#8221;off&#8221; button_two_border_width__hover_enabled=&#8221;off&#8221; button_border_color__hover_enabled=&#8221;off&#8221; button_one_border_color__hover_enabled=&#8221;off&#8221; button_two_border_color__hover_enabled=&#8221;off&#8221; button_border_radius__hover_enabled=&#8221;off&#8221; button_one_border_radius__hover_enabled=&#8221;off&#8221; button_two_border_radius__hover_enabled=&#8221;off&#8221; button_letter_spacing__hover_enabled=&#8221;off&#8221; button_one_letter_spacing__hover_enabled=&#8221;off&#8221; button_two_letter_spacing__hover_enabled=&#8221;off&#8221; button_bg_color__hover_enabled=&#8221;off&#8221; button_one_bg_color__hover_enabled=&#8221;off&#8221; button_two_bg_color__hover_enabled=&#8221;off&#8221; sticky_transition=&#8221;on&#8221;][\/et_pb_slide][\/et_pb_fullwidth_slider][\/et_pb_section][et_pb_section fb_built=&#8221;1&#8243; _builder_version=&#8221;4.16&#8243; global_colors_info=&#8221;{}&#8221;][et_pb_row _builder_version=&#8221;4.16&#8243; background_size=&#8221;initial&#8221; background_position=&#8221;top_left&#8221; background_repeat=&#8221;repeat&#8221; global_colors_info=&#8221;{}&#8221;][et_pb_column type=&#8221;4_4&#8243; _builder_version=&#8221;4.16&#8243; custom_padding=&#8221;|||&#8221; global_colors_info=&#8221;{}&#8221; custom_padding__hover=&#8221;|||&#8221;][et_pb_text admin_label=&#8221;Otsikko&#8221; _builder_version=&#8221;4.16&#8243; background_size=&#8221;initial&#8221; background_position=&#8221;top_left&#8221; background_repeat=&#8221;repeat&#8221; global_colors_info=&#8221;{}&#8221;]<\/p>\n<h1>Om oss<\/h1>\n<p>[\/et_pb_text][et_pb_text admin_label=&#8221;Marinreserven rf&#8221; _builder_version=&#8221;4.24.2&#8243; background_size=&#8221;initial&#8221; background_position=&#8221;top_left&#8221; background_repeat=&#8221;repeat&#8221; hover_enabled=&#8221;0&#8243; global_colors_info=&#8221;{}&#8221; sticky_enabled=&#8221;0&#8243;]<\/p>\n<p><img loading=\"lazy\" decoding=\"async\" class=\" wp-image-147 size-medium alignright\" src=\"https:\/\/www.sininenreservi.fi\/wp-content\/uploads\/2015\/02\/DSC_0007-300x199.jpg\" alt=\"DSC_0007\" width=\"300\" height=\"199\" srcset=\"https:\/\/www.sininenreservi.fi\/wp-content\/uploads\/2015\/02\/DSC_0007-300x199.jpg 300w, https:\/\/www.sininenreservi.fi\/wp-content\/uploads\/2015\/02\/DSC_0007.jpg 1024w\" sizes=\"auto, (max-width: 300px) 100vw, 300px\" \/><strong>\u200bMarinreserven rf<\/strong>, som grundades \u00e5r 1997, \u00e4r en riksomfattande f\u00f6rsvarsorganisation som f\u00f6renar sj\u00f6f\u00f6rsvarets frivilliga verksamhetsf\u00e4lt, st\u00f6der utbildningen och befr\u00e4mjar samarbetet mellan sina medlemsf\u00f6reningar. Marinreserven rf st\u00f6der och utvecklar reservisternas prestationsf\u00f6rm\u00e5ga i Finska Marinen och sj\u00f6bevakningen, st\u00e4rker f\u00f6rsvarsviljan och v\u00e4rnar sj\u00f6milit\u00e4ra traditioner. Organisationens grundl\u00e4ggande v\u00e4rden inneb\u00e4r samverkan, s\u00e4kerhet och kunnande.<\/p>\n<p>Idag omfattar Marinreserven rf sammanlagt 39 medlemsf\u00f6reningar vid kusten fr\u00e5n \u00d6stra Finska viken \u00e4nda fram till Bottniska viken samt i inland i Tammerfors. Dessa frivilliga f\u00f6rsvarsf\u00f6reningar och -gillen samt Kustens Soldathemsf\u00f6rening samlar ihop medlemmar fr\u00e5n kustf\u00f6rsvaret, flottiljen, marina specialtrupper, sj\u00f6bevakningen och intresserade civilister och erbjuder var och en fritidsm\u00f6jligheter, oavsett vapenslag eller \u00e5lder.<\/p>\n<p>Syftet i alla aktiviteter av Marinreserven rf \u00e4r att befr\u00e4mja och koordinera verksamhet mellan flera medlemsf\u00f6reningar. Organisationen str\u00e4var efter att erbjuda reservister inom sj\u00f6f\u00f6rsvaret m\u00f6jligheter att delta i aktiv och utbildningsvis m\u00e5linriktad verksamhet som st\u00f6der Marinen och sj\u00f6bevakningen och f\u00f6rh\u00f6jer medlemmarnas samh\u00f6righetsk\u00e4nsla och f\u00f6rsvarsvilja. Ut\u00f6ver samverkan arrangerar Marinreserven rf skytte- och sj\u00f6manskapst\u00e4vlingar, seminarier och bes\u00f6k samt presenterar det frivilliga sj\u00f6f\u00f6rsvarsf\u00e4ltet i flera publika evenemang varje \u00e5r.<\/p>\n<p>I utbildning samarbetar Marinreserven rf t\u00e4tt med F\u00f6rsvarsutbildningsf\u00f6reningen (MPK) och dess Marinf\u00f6rsvarsdistrikt. M\u00e5nga aktiva medlemmar av Marinreserven rf verkar \u00e4ven som frivilliga utbildare i MPK likv\u00e4l som kursdeltagare. B\u00e5tarna som medlemsf\u00f6reningar f\u00f6rfogar \u00f6ver anv\u00e4nds ofta p\u00e5 MPK:s kurser f\u00f6r att \u00f6va navigation, sj\u00f6r\u00e4ddning och oljebek\u00e4mpning samt f\u00f6r transporter. Ett l\u00e5ngvarigt partnerskap med Marinen \u00e4r ocks\u00e5 en central kraft f\u00f6r Marinreserven rf.<\/p>\n<p>Vill du delta i det marina f\u00f6rsvarsarbetet? Ta <a href=\"https:\/\/www.sininenreservi.fi\/sv\/kontakt-information\/\">kontakt med oss<\/a> s\u00e5 ber\u00e4ttar vi mera eller f\u00f6lja oss p\u00e5 olika sociala medier. Du kan ocks\u00e5 kontakta v\u00e5ra <a href=\"https:\/\/www.sininenreservi.fi\/sv\/medlemsforeningarna-enligt-hemstad\/\">medlemsf\u00f6reningar<\/a> direkt. I Finland verksamma, registrerade f\u00f6reningar som \u00e4r aktiva inom det frivilliga marinf\u00f6rsvaret kan ans\u00f6ka om att bli medlemmar i Marinreserven rf.<\/p>\n<p>[\/et_pb_text][\/et_pb_column][\/et_pb_row][et_pb_row _builder_version=&#8221;4.16&#8243; _module_preset=&#8221;default&#8221; global_colors_info=&#8221;{}&#8221;][et_pb_column type=&#8221;4_4&#8243; _builder_version=&#8221;4.16&#8243; _module_preset=&#8221;default&#8221; global_colors_info=&#8221;{}&#8221;][et_pb_text admin_label=&#8221;V\u00e4rden&#8221; _builder_version=&#8221;4.16&#8243; background_size=&#8221;initial&#8221; background_position=&#8221;top_left&#8221; background_repeat=&#8221;repeat&#8221; global_colors_info=&#8221;{}&#8221;]<\/p>\n<h2>V\u00e4rden<\/h2>\n<p>V\u00e5ra grundl\u00e4ggande v\u00e4rden \u00e4r samverkan, s\u00e4kerhet och kunnande.<\/p>\n<p>[\/et_pb_text][\/et_pb_column][\/et_pb_row][et_pb_row column_structure=&#8221;1_3,1_3,1_3&#8243; _builder_version=&#8221;4.16&#8243; background_size=&#8221;initial&#8221; background_position=&#8221;top_left&#8221; background_repeat=&#8221;repeat&#8221; global_colors_info=&#8221;{}&#8221;][et_pb_column type=&#8221;1_3&#8243; _builder_version=&#8221;4.16&#8243; custom_padding=&#8221;|||&#8221; global_colors_info=&#8221;{}&#8221; custom_padding__hover=&#8221;|||&#8221;][et_pb_text admin_label=&#8221;Samverkan&#8221; _builder_version=&#8221;4.16&#8243; background_size=&#8221;initial&#8221; background_position=&#8221;top_left&#8221; background_repeat=&#8221;repeat&#8221; global_colors_info=&#8221;{}&#8221;]<\/p>\n<h3>Samverkan<\/h3>\n<p>Marinreserven rf:s huvuduppgift \u00e4r att fr\u00e4mja samarbetet mellan sina medlemsf\u00f6reningar och koordinera verksamhet som omfattar flera f\u00f6reningar. Vi agerar allts\u00e5 tillsammans, men \u00e4ven tillsammans med Marinen, Sj\u00f6bevakningen, MPK och v\u00e5ra underst\u00f6dare. Samverkan som st\u00f6der sj\u00f6f\u00f6rsvaret och sammanh\u00e5llningen \u00e4r v\u00e5r gemensamma f\u00f6rdel.[\/et_pb_text][\/et_pb_column][et_pb_column type=&#8221;1_3&#8243; _builder_version=&#8221;4.16&#8243; custom_padding=&#8221;|||&#8221; global_colors_info=&#8221;{}&#8221; custom_padding__hover=&#8221;|||&#8221;][et_pb_text admin_label=&#8221;S\u00e4kerhet&#8221; _builder_version=&#8221;4.16&#8243; background_size=&#8221;initial&#8221; background_position=&#8221;top_left&#8221; background_repeat=&#8221;repeat&#8221; global_colors_info=&#8221;{}&#8221;]<\/p>\n<h3>S\u00e4kerhet<\/h3>\n<p>Det frivilliga f\u00f6rsvarsarbetet st\u00f6der Finlands s\u00e4kerhet. En utbildad och motiverad reserv \u00e4r F\u00f6rsvarsmaktens trygghet. F\u00f6rutom yttre s\u00e4kerhet skapar en utbildad reserv \u00e4ven trygghet s\u00e5v\u00e4l till sj\u00f6ss som hemma. S\u00e4kerhet l\u00e4nkar ihop de allm\u00e4nnyttiga elementen i v\u00e5r verksamhet.[\/et_pb_text][\/et_pb_column][et_pb_column type=&#8221;1_3&#8243; _builder_version=&#8221;4.16&#8243; custom_padding=&#8221;|||&#8221; global_colors_info=&#8221;{}&#8221; custom_padding__hover=&#8221;|||&#8221;][et_pb_text admin_label=&#8221;Kunnande&#8221; _builder_version=&#8221;4.16&#8243; background_size=&#8221;initial&#8221; background_position=&#8221;top_left&#8221; background_repeat=&#8221;repeat&#8221; global_colors_info=&#8221;{}&#8221;]<\/p>\n<h3>Kunnande<\/h3>\n<p>Kunnande, s\u00e5v\u00e4l civilt som milit\u00e4rt, \u00e4r grunden f\u00f6r v\u00e5r verksamhet. Vi sk\u00f6ter reservistens gebiet skickligt, vi utbildar oss sj\u00e4lva och andra, vi delar med oss av v\u00e5rt kunnande. Vi st\u00f6der MPK\u2019s kurser som utbildare och som deltagare.[\/et_pb_text][\/et_pb_column][\/et_pb_row][et_pb_row _builder_version=&#8221;4.16&#8243; background_size=&#8221;initial&#8221; background_position=&#8221;top_left&#8221; background_repeat=&#8221;repeat&#8221; global_colors_info=&#8221;{}&#8221;][et_pb_column type=&#8221;4_4&#8243; _builder_version=&#8221;4.16&#8243; custom_padding=&#8221;|||&#8221; global_colors_info=&#8221;{}&#8221; custom_padding__hover=&#8221;|||&#8221;][et_pb_text admin_label=&#8221;Infobox&#8221; _builder_version=&#8221;4.24.2&#8243; background_size=&#8221;initial&#8221; background_position=&#8221;top_left&#8221; background_repeat=&#8221;repeat&#8221; hover_enabled=&#8221;0&#8243; global_colors_info=&#8221;{}&#8221; sticky_enabled=&#8221;0&#8243;]<\/p>\n<div class='et-box et-shadow'>\n\t\t\t\t\t<div class='et-box-content'><h2>Marinreserven rf i siffror<\/h2>\n<table style=\"width: 70%;\" border=\"0\" cellspacing=\"4px\" cellpadding=\"0\">\n<tbody>\n<tr>\n<td style=\"padding: 0;\">Stiftelse\u00e5r<\/td>\n<td style=\"padding: 0;\">1997<\/td>\n<\/tr>\n<tr>\n<td style=\"padding: 0;\">Medlemsf\u00f6reningar<\/td>\n<td style=\"padding: 0;\">39<\/td>\n<\/tr>\n<tr>\n<td style=\"padding: 0;\">Medlemsantal i medlemsf\u00f6reningarna<\/td>\n<td style=\"padding: 0;\">c. 6 000<\/td>\n<\/tr>\n<tr>\n<td style=\"padding: 0;\">Fartyg<\/td>\n<td style=\"padding: 0;\">12<\/td>\n<\/tr>\n<tr>\n<td style=\"padding: 0;\" colspan=\"2\">Marinreserven rf \u00e4r medlem i F\u00f6rsvarsutbildningsf\u00f6reningen (MPK).<\/td>\n<\/tr>\n<\/tbody>\n<\/table><\/div><\/div>\n<p>[\/et_pb_text][\/et_pb_column][\/et_pb_row][\/et_pb_section]<\/p>\n","protected":false},"excerpt":{"rendered":"<p>Om oss\u200bMarinreserven rf, som grundades \u00e5r 1997, \u00e4r en riksomfattande f\u00f6rsvarsorganisation som f\u00f6renar sj\u00f6f\u00f6rsvarets frivilliga verksamhetsf\u00e4lt, st\u00f6der utbildningen och befr\u00e4mjar samarbetet mellan sina medlemsf\u00f6reningar. Marinreserven rf st\u00f6der och utvecklar reservisternas prestationsf\u00f6rm\u00e5ga i Finska Marinen och sj\u00f6bevakningen, st\u00e4rker f\u00f6rsvarsviljan och v\u00e4rnar sj\u00f6milit\u00e4ra traditioner. Organisationens grundl\u00e4ggande v\u00e4rden inneb\u00e4r samverkan, s\u00e4kerhet och kunnande. Idag omfattar Marinreserven rf sammanlagt [&hellip;]<\/p>\n","protected":false},"author":1,"featured_media":0,"parent":0,"menu_order":1,"comment_status":"open","ping_status":"closed","template":"","meta":{"_et_pb_use_builder":"on","_et_pb_old_content":"<p>Sininen Reservi ry ja sen j\u00e4senyhdistykset osallistuvat meripuolustuksen tuotantoon, maanpuolustustahdon lujittamiseen ja perinteiden vaalimiseen. Toimintamme perusta on yhteistoiminta ja yhteis\u00f6llisyys. J\u00e4senyhdistyksemme tarjoavat jatkuvan yhteyden eri joukoille harjoitus- ja koulutustapahtumien v\u00e4lill\u00e4. Sininen Reservi ry yhdist\u00e4\u00e4 meripuolustuksen vapaaehtoiskent\u00e4n. Se on valtakunnallinen maanpuolustusj\u00e4rjest\u00f6 joka tukee kokonaismaanpuolustusta yhdess\u00e4 j\u00e4senyhdistystens\u00e4 kanssa ja niiden kautta. J\u00e4senyhdistyksill\u00e4 on kaikkiaan noin 7000 j\u00e4sent\u00e4. Jokainen rannikostamme, saaristostamme ja merialueestamme kiinnostunut l\u00f6yt\u00e4\u00e4 paikkansa ja kiinnostavan toiminta-alueen Sinisen Reservin toiminnan parista. Mukana on rannikko- laivasto- ja erikoisjoukkoja sek\u00e4 merivartiostoa edustavia maanpuolustusyhdistyksi\u00e4, kiltoja ja Rannikkosotilaskotiyhdistys.<\/p><p>Koulutuksessa toimimme tiiviisti yhdess\u00e4 Maanpuolustuskoulutusyhdistyksen Meripuolustuspiirin kanssa. Toimijamme ovat usein Meripuolustuspiirin kouluttajia ja kurssilaisia. Yhdistystemme veneit\u00e4 k\u00e4ytet\u00e4\u00e4n MPK:n kursseilla sek\u00e4 merenkulun ja pelastustoimien harjoitteluun, \u00f6ljyntorjuntaharjoituksiin ja kuljetuksiin.<\/p><p>Sinisen Reservin toiminnassa pitk\u00e4 kumppanuus Merivoimien kanssa on keskeinen tekij\u00e4 kaikilla tasoilla. Sinisen Reservin tavoitteina on edist\u00e4\u00e4 j\u00e4senyhdistysten toimintaedellytyksi\u00e4, verkottumista ja yhteisty\u00f6t\u00e4. Sininen Reservi pyrkii siihen, ett\u00e4 Merivoimien ja Merivartiostojen reservil\u00e4isille tarjotaan mahdollisuus osallistua aktiiviseen toimintaan joka tukee Merivoimia tai Rajavartiolaitoksen merivartiostoja, edist\u00e4\u00e4 j\u00e4senist\u00f6n ja Merivoimien (merivartiostojen) yhteenkuuluvuuden tunnetta ja maanpuolustushenke\u00e4.<\/p><p>Sininen Reservi ry osallistuu eri maanpuolustustapahtumiin, j\u00e4rjest\u00e4\u00e4 ammuntakilpailuja, seminaareja ja tutustumisk\u00e4yntej\u00e4 sek\u00e4 tukee valtakunnallisia meritaitokilpailuja. Avustamme my\u00f6s merivoimia erilaisissa tapahtumissa, kuten laivastovierailuiden ja kilpailujen j\u00e4rjestelyiss\u00e4 sek\u00e4 vapaaehtoisten harjoitusten toteuttamisessa.<\/p><p>Sininen Reservi tukee vastedeskin j\u00e4senyhdistystens\u00e4 toimintaa ja niiden v\u00e4list\u00e4 yhteisty\u00f6t\u00e4. Toimimme tiiviiss\u00e4 yhteisty\u00f6ss\u00e4 niin MPK:n Meripuolustuspiirin kuin Merivoimien ja Merivartiostojenkin kanssa.<\/p><p>Haluatko mukaan merelliseen maanpuolustusty\u00f6h\u00f6n? Ota yhteytt\u00e4 meihin niin kerromme lis\u00e4\u00e4. Voit my\u00f6s ottaa yhteytt\u00e4 suoraan j\u00e4senyhdistyksiimme.<\/p><p>J\u00e4senyhdistykseksi voivat hakea vapaaehtoista merellist\u00e4 maanpuolustusty\u00f6t\u00e4 toteuttavat, Suomessa toimivat rekister\u00f6idyt yhdistykset. Lis\u00e4tietoja antaa Sininen Reservi ry:n puheenjohtaja.<\/p>","_et_gb_content_width":"","_exactmetrics_skip_tracking":false,"_exactmetrics_sitenote_active":false,"_exactmetrics_sitenote_note":"","_exactmetrics_sitenote_category":0,"footnotes":""},"class_list":["post-953","page","type-page","status-publish","hentry"],"_links":{"self":[{"href":"https:\/\/www.sininenreservi.fi\/sv\/wp-json\/wp\/v2\/pages\/953","targetHints":{"allow":["GET"]}}],"collection":[{"href":"https:\/\/www.sininenreservi.fi\/sv\/wp-json\/wp\/v2\/pages"}],"about":[{"href":"https:\/\/www.sininenreservi.fi\/sv\/wp-json\/wp\/v2\/types\/page"}],"author":[{"embeddable":true,"href":"https:\/\/www.sininenreservi.fi\/sv\/wp-json\/wp\/v2\/users\/1"}],"replies":[{"embeddable":true,"href":"https:\/\/www.sininenreservi.fi\/sv\/wp-json\/wp\/v2\/comments?post=953"}],"version-history":[{"count":12,"href":"https:\/\/www.sininenreservi.fi\/sv\/wp-json\/wp\/v2\/pages\/953\/revisions"}],"predecessor-version":[{"id":3611,"href":"https:\/\/www.sininenreservi.fi\/sv\/wp-json\/wp\/v2\/pages\/953\/revisions\/3611"}],"wp:attachment":[{"href":"https:\/\/www.sininenreservi.fi\/sv\/wp-json\/wp\/v2\/media?parent=953"}],"curies":[{"name":"wp","href":"https:\/\/api.w.org\/{rel}","templated":true}]}}