{"id":1017,"date":"2015-02-13T14:59:27","date_gmt":"2015-02-13T12:59:27","guid":{"rendered":"http:\/\/www.sininenreservi.fi\/sv\/muita-toimijoita\/"},"modified":"2021-12-22T08:37:58","modified_gmt":"2021-12-22T06:37:58","slug":"ovriga-aktorer","status":"publish","type":"page","link":"https:\/\/www.sininenreservi.fi\/sv\/samarbetspartner\/ovriga-aktorer\/","title":{"rendered":"\u00d6vriga akt\u00f6rer"},"content":{"rendered":"<p>[et_pb_section fb_built=&#8221;1&#8243; fullwidth=&#8221;on&#8221; _builder_version=&#8221;3.22&#8243; global_colors_info=&#8221;{}&#8221;][et_pb_fullwidth_slider admin_label=&#8221;Fullwidth Slider&#8221; _builder_version=&#8221;3.16&#8243; custom_padding=&#8221;|||&#8221; custom_padding_tablet=&#8221;|||&#8221; custom_padding_phone=&#8221;|||&#8221; hover_enabled=&#8221;0&#8243; box_shadow_style=&#8221;preset6&#8243; box_shadow_blur=&#8221;10px&#8221; box_shadow_color=&#8221;rgba(0,0,0,0.1)&#8221; show_inner_shadow=&#8221;on&#8221; global_colors_info=&#8221;{}&#8221; button_text_size__hover_enabled=&#8221;off&#8221; button_one_text_size__hover_enabled=&#8221;off&#8221; button_two_text_size__hover_enabled=&#8221;off&#8221; button_text_color__hover_enabled=&#8221;off&#8221; button_one_text_color__hover_enabled=&#8221;off&#8221; button_two_text_color__hover_enabled=&#8221;off&#8221; button_border_width__hover_enabled=&#8221;off&#8221; button_one_border_width__hover_enabled=&#8221;off&#8221; button_two_border_width__hover_enabled=&#8221;off&#8221; button_border_color__hover_enabled=&#8221;off&#8221; button_one_border_color__hover_enabled=&#8221;off&#8221; button_two_border_color__hover_enabled=&#8221;off&#8221; button_border_radius__hover_enabled=&#8221;off&#8221; button_one_border_radius__hover_enabled=&#8221;off&#8221; button_two_border_radius__hover_enabled=&#8221;off&#8221; button_letter_spacing__hover_enabled=&#8221;off&#8221; button_one_letter_spacing__hover_enabled=&#8221;off&#8221; button_two_letter_spacing__hover_enabled=&#8221;off&#8221; button_bg_color__hover_enabled=&#8221;off&#8221; button_one_bg_color__hover_enabled=&#8221;off&#8221; button_two_bg_color__hover_enabled=&#8221;off&#8221; sticky_enabled=&#8221;0&#8243;][et_pb_slide _builder_version=&#8221;3.16&#8243; background_color=&#8221;#ffffff&#8221; background_image=&#8221;http:\/\/www.sininenreservi.fi\/wp-content\/uploads\/2015\/02\/muut_toimijat-1200&#215;440.jpg&#8221; global_colors_info=&#8221;{}&#8221; button_text_size__hover_enabled=&#8221;off&#8221; button_one_text_size__hover_enabled=&#8221;off&#8221; button_two_text_size__hover_enabled=&#8221;off&#8221; button_text_color__hover_enabled=&#8221;off&#8221; button_one_text_color__hover_enabled=&#8221;off&#8221; button_two_text_color__hover_enabled=&#8221;off&#8221; button_border_width__hover_enabled=&#8221;off&#8221; button_one_border_width__hover_enabled=&#8221;off&#8221; button_two_border_width__hover_enabled=&#8221;off&#8221; button_border_color__hover_enabled=&#8221;off&#8221; button_one_border_color__hover_enabled=&#8221;off&#8221; button_two_border_color__hover_enabled=&#8221;off&#8221; button_border_radius__hover_enabled=&#8221;off&#8221; button_one_border_radius__hover_enabled=&#8221;off&#8221; button_two_border_radius__hover_enabled=&#8221;off&#8221; button_letter_spacing__hover_enabled=&#8221;off&#8221; button_one_letter_spacing__hover_enabled=&#8221;off&#8221; button_two_letter_spacing__hover_enabled=&#8221;off&#8221; button_bg_color__hover_enabled=&#8221;off&#8221; button_one_bg_color__hover_enabled=&#8221;off&#8221; button_two_bg_color__hover_enabled=&#8221;off&#8221; sticky_transition=&#8221;on&#8221;][\/et_pb_slide][\/et_pb_fullwidth_slider][\/et_pb_section][et_pb_section fb_built=&#8221;1&#8243; _builder_version=&#8221;3.22&#8243; global_colors_info=&#8221;{}&#8221;][et_pb_row _builder_version=&#8221;3.25&#8243; background_size=&#8221;initial&#8221; background_position=&#8221;top_left&#8221; background_repeat=&#8221;repeat&#8221; global_colors_info=&#8221;{}&#8221;][et_pb_column type=&#8221;4_4&#8243; _builder_version=&#8221;3.25&#8243; custom_padding=&#8221;|||&#8221; global_colors_info=&#8221;{}&#8221; custom_padding__hover=&#8221;|||&#8221;][et_pb_text admin_label=&#8221;Text&#8221; _builder_version=&#8221;3.27.4&#8243; background_size=&#8221;initial&#8221; background_position=&#8221;top_left&#8221; background_repeat=&#8221;repeat&#8221; global_colors_info=&#8221;{}&#8221;]<\/p>\n<h1>\u00d6vriga akt\u00f6rer<\/h1>\n<p>[\/et_pb_text][\/et_pb_column][\/et_pb_row][et_pb_row column_structure=&#8221;1_4,1_4,1_4,1_4&#8243; _builder_version=&#8221;3.25&#8243; background_size=&#8221;initial&#8221; background_position=&#8221;top_left&#8221; background_repeat=&#8221;repeat&#8221; global_colors_info=&#8221;{}&#8221;][et_pb_column type=&#8221;1_4&#8243; _builder_version=&#8221;3.25&#8243; custom_padding=&#8221;|||&#8221; global_colors_info=&#8221;{}&#8221; custom_padding__hover=&#8221;|||&#8221;][et_pb_text admin_label=&#8221;Marinen&#8221; _builder_version=&#8221;3.27.4&#8243; background_size=&#8221;initial&#8221; background_position=&#8221;top_left&#8221; background_repeat=&#8221;repeat&#8221; text_orientation=&#8221;center&#8221; module_alignment=&#8221;center&#8221; global_colors_info=&#8221;{}&#8221;]<img loading=\"lazy\" decoding=\"async\" class=\"alignnone size-medium wp-image-511\" src=\"http:\/\/www.sininenreservi.fi\/wp-content\/uploads\/2015\/02\/merivoimat_logo-300x300-300x300.png\" alt=\"merivoimat_logo-300x300\" height=\"300\" width=\"300\" srcset=\"https:\/\/www.sininenreservi.fi\/wp-content\/uploads\/2015\/02\/merivoimat_logo-300x300.png 300w, https:\/\/www.sininenreservi.fi\/wp-content\/uploads\/2015\/02\/merivoimat_logo-300x300-150x150.png 150w\" sizes=\"auto, (max-width: 300px) 100vw, 300px\" \/><br \/>\n<a href=\"https:\/\/www.puolustusvoimat.fi\/fi\/Merivoimat\/Etusivu\/?urile=wcm%3Apath%3A\/su%20puolustusvoimat.fi\/Puolustusvoimat.fi\/Merivoimat\/Etusivu\/\">Marinen<\/a>[\/et_pb_text][\/et_pb_column][et_pb_column type=&#8221;1_4&#8243; _builder_version=&#8221;3.25&#8243; custom_padding=&#8221;|||&#8221; global_colors_info=&#8221;{}&#8221; custom_padding__hover=&#8221;|||&#8221;][et_pb_text admin_label=&#8221;Gr\u00e4nsbevakningsv\u00e4sendet&#8221; _builder_version=&#8221;3.27.4&#8243; background_size=&#8221;initial&#8221; background_position=&#8221;top_left&#8221; background_repeat=&#8221;repeat&#8221; text_orientation=&#8221;center&#8221; module_alignment=&#8221;center&#8221; global_colors_info=&#8221;{}&#8221;]<img loading=\"lazy\" decoding=\"async\" class=\"alignnone size-medium wp-image-513\" src=\"http:\/\/www.sininenreservi.fi\/wp-content\/uploads\/2015\/02\/rajavartiolaitos_logo-300x300-300x300.png\" alt=\"rajavartiolaitos_logo-300x300\" height=\"300\" width=\"300\" srcset=\"https:\/\/www.sininenreservi.fi\/wp-content\/uploads\/2015\/02\/rajavartiolaitos_logo-300x300.png 300w, https:\/\/www.sininenreservi.fi\/wp-content\/uploads\/2015\/02\/rajavartiolaitos_logo-300x300-150x150.png 150w\" sizes=\"auto, (max-width: 300px) 100vw, 300px\" \/><br \/>\n<a href=\"http:\/\/www.raja.fi\/\">Gr\u00e4nsbevakningsv\u00e4sendet<\/a>[\/et_pb_text][\/et_pb_column][et_pb_column type=&#8221;1_4&#8243; _builder_version=&#8221;3.25&#8243; custom_padding=&#8221;|||&#8221; global_colors_info=&#8221;{}&#8221; custom_padding__hover=&#8221;|||&#8221;][et_pb_text admin_label=&#8221;MPK&#8221; _builder_version=&#8221;3.27.4&#8243; background_size=&#8221;initial&#8221; background_position=&#8221;top_left&#8221; background_repeat=&#8221;repeat&#8221; text_orientation=&#8221;center&#8221; module_alignment=&#8221;center&#8221; global_colors_info=&#8221;{}&#8221;]<img loading=\"lazy\" decoding=\"async\" class=\"alignnone size-full wp-image-923\" src=\"http:\/\/www.sininenreservi.fi\/wp-content\/uploads\/2015\/02\/mpk_logo_new-300x300.jpg\" alt=\"mpk_logo_new-300x300\" height=\"300\" width=\"300\" srcset=\"https:\/\/www.sininenreservi.fi\/wp-content\/uploads\/2015\/02\/mpk_logo_new-300x300.jpg 300w, https:\/\/www.sininenreservi.fi\/wp-content\/uploads\/2015\/02\/mpk_logo_new-300x300-150x150.jpg 150w\" sizes=\"auto, (max-width: 300px) 100vw, 300px\" \/> <a href=\"http:\/\/www.mpk.fi\/\">F\u00f6rsvarsutbildningsf\u00f6reningen (MPK) <\/a>[\/et_pb_text][\/et_pb_column][et_pb_column type=&#8221;1_4&#8243; _builder_version=&#8221;3.25&#8243; custom_padding=&#8221;|||&#8221; global_colors_info=&#8221;{}&#8221; custom_padding__hover=&#8221;|||&#8221;][et_pb_text admin_label=&#8221;RESUL&#8221; _builder_version=&#8221;3.27.4&#8243; background_size=&#8221;initial&#8221; background_position=&#8221;top_left&#8221; background_repeat=&#8221;repeat&#8221; text_orientation=&#8221;center&#8221; module_alignment=&#8221;center&#8221; global_colors_info=&#8221;{}&#8221;]<img loading=\"lazy\" decoding=\"async\" class=\"alignnone size-medium wp-image-700\" src=\"http:\/\/www.sininenreservi.fi\/wp-content\/uploads\/2015\/02\/resul_logo-300x300-300x300.jpg\" alt=\"resul_logo-300x300\" height=\"300\" width=\"300\" srcset=\"https:\/\/www.sininenreservi.fi\/wp-content\/uploads\/2015\/02\/resul_logo-300x300.jpg 300w, https:\/\/www.sininenreservi.fi\/wp-content\/uploads\/2015\/02\/resul_logo-300x300-150x150.jpg 150w\" sizes=\"auto, (max-width: 300px) 100vw, 300px\" \/> <a href=\"http:\/\/www.resul.fi\/\">Finlands Reservistidrottsf\u00f6rbund<\/a>[\/et_pb_text][\/et_pb_column][\/et_pb_row][et_pb_row column_structure=&#8221;1_4,1_4,1_4,1_4&#8243; _builder_version=&#8221;3.25&#8243; background_size=&#8221;initial&#8221; background_position=&#8221;top_left&#8221; background_repeat=&#8221;repeat&#8221; global_colors_info=&#8221;{}&#8221;][et_pb_column type=&#8221;1_4&#8243; _builder_version=&#8221;3.25&#8243; custom_padding=&#8221;|||&#8221; global_colors_info=&#8221;{}&#8221; custom_padding__hover=&#8221;|||&#8221;][et_pb_text admin_label=&#8221;Rannikon Puolustaja&#8221; _builder_version=&#8221;3.27.4&#8243; background_size=&#8221;initial&#8221; background_position=&#8221;top_left&#8221; background_repeat=&#8221;repeat&#8221; text_orientation=&#8221;center&#8221; module_alignment=&#8221;center&#8221; global_colors_info=&#8221;{}&#8221;]<img loading=\"lazy\" decoding=\"async\" class=\"alignnone size-full wp-image-514\" src=\"http:\/\/www.sininenreservi.fi\/wp-content\/uploads\/2015\/02\/rannikon_puolustaja_logo-300x300.png\" alt=\"rannikon_puolustaja_logo-300x300\" width=\"300\" height=\"300\" srcset=\"https:\/\/www.sininenreservi.fi\/wp-content\/uploads\/2015\/02\/rannikon_puolustaja_logo-300x300.png 300w, https:\/\/www.sininenreservi.fi\/wp-content\/uploads\/2015\/02\/rannikon_puolustaja_logo-300x300-150x150.png 150w\" sizes=\"auto, (max-width: 300px) 100vw, 300px\" \/><br \/>\n<a href=\"http:\/\/www.rannikonpuolustaja.fi\/\">Rannikon Puolustaja<\/a>[\/et_pb_text][\/et_pb_column][et_pb_column type=&#8221;1_4&#8243; _builder_version=&#8221;3.25&#8243; custom_padding=&#8221;|||&#8221; global_colors_info=&#8221;{}&#8221; custom_padding__hover=&#8221;|||&#8221;][et_pb_text admin_label=&#8221;Finlands Sj\u00f6r\u00e4ddningss\u00e4llskap&#8221; _builder_version=&#8221;3.27.4&#8243; background_size=&#8221;initial&#8221; background_position=&#8221;top_left&#8221; background_repeat=&#8221;repeat&#8221; text_orientation=&#8221;center&#8221; module_alignment=&#8221;center&#8221; global_colors_info=&#8221;{}&#8221;]<img loading=\"lazy\" decoding=\"async\" class=\"alignnone size-full wp-image-642\" src=\"http:\/\/www.sininenreservi.fi\/wp-content\/uploads\/2015\/02\/smps_logo-300x300.png\" alt=\"smps_logo-300x300\" height=\"299\" width=\"300\" srcset=\"https:\/\/www.sininenreservi.fi\/wp-content\/uploads\/2015\/02\/smps_logo-300x300.png 300w, https:\/\/www.sininenreservi.fi\/wp-content\/uploads\/2015\/02\/smps_logo-300x300-150x150.png 150w\" sizes=\"auto, (max-width: 300px) 100vw, 300px\" \/><br \/>\n<a href=\"http:\/\/www.meripelastus.fi\/fi\/\">Finlands Sj\u00f6r\u00e4ddningss\u00e4llskap<\/a>[\/et_pb_text][\/et_pb_column][et_pb_column type=&#8221;1_4&#8243; _builder_version=&#8221;3.25&#8243; custom_padding=&#8221;|||&#8221; global_colors_info=&#8221;{}&#8221; custom_padding__hover=&#8221;|||&#8221;][\/et_pb_column][et_pb_column type=&#8221;1_4&#8243; _builder_version=&#8221;3.25&#8243; custom_padding=&#8221;|||&#8221; global_colors_info=&#8221;{}&#8221; custom_padding__hover=&#8221;|||&#8221;][\/et_pb_column][\/et_pb_row][\/et_pb_section]<\/p>\n","protected":false},"excerpt":{"rendered":"<p>\u00d6vriga akt\u00f6rer Marinen Gr\u00e4nsbevakningsv\u00e4sendet F\u00f6rsvarsutbildningsf\u00f6reningen (MPK) Finlands Reservistidrottsf\u00f6rbund Rannikon Puolustaja Finlands Sj\u00f6r\u00e4ddningss\u00e4llskap<\/p>\n","protected":false},"author":1,"featured_media":0,"parent":1050,"menu_order":3,"comment_status":"open","ping_status":"closed","template":"","meta":{"_et_pb_use_builder":"on","_et_pb_old_content":"<p>Muita toimijoita<\/p><ol><li><a href=\"https:\/\/www.puolustusvoimat.fi\/fi\/Merivoimat\/Etusivu\/?urile=wcm%3Apath%3A\/su%20puolustusvoimat.fi\/Puolustusvoimat.fi\/Merivoimat\/Etusivu\/\">Merivoimat<\/a><\/li><li><a href=\"http:\/\/www.raja.fi\/\">Rajavartiolaitos <\/a><\/li><li><a href=\"http:\/\/www.mpk.fi\/\">Maanpuolustuskoulutusyhdistys (MPK)<\/a><\/li><li><a href=\"http:\/\/www.resul.fi\/\">Reservil\u00e4isurheiluliitto<\/a><\/li><li><a href=\"http:\/\/www.rannikonpuolustaja.fi\/\">Rannikon Puolustaja<\/a><\/li><li><a href=\"http:\/\/www.meripelastus.fi\/fi\/\">Suomen Meripelastusseura<\/a><\/li><\/ol>","_et_gb_content_width":"","_exactmetrics_skip_tracking":false,"_exactmetrics_sitenote_active":false,"_exactmetrics_sitenote_note":"","_exactmetrics_sitenote_category":0,"footnotes":""},"class_list":["post-1017","page","type-page","status-publish","hentry"],"_links":{"self":[{"href":"https:\/\/www.sininenreservi.fi\/sv\/wp-json\/wp\/v2\/pages\/1017","targetHints":{"allow":["GET"]}}],"collection":[{"href":"https:\/\/www.sininenreservi.fi\/sv\/wp-json\/wp\/v2\/pages"}],"about":[{"href":"https:\/\/www.sininenreservi.fi\/sv\/wp-json\/wp\/v2\/types\/page"}],"author":[{"embeddable":true,"href":"https:\/\/www.sininenreservi.fi\/sv\/wp-json\/wp\/v2\/users\/1"}],"replies":[{"embeddable":true,"href":"https:\/\/www.sininenreservi.fi\/sv\/wp-json\/wp\/v2\/comments?post=1017"}],"version-history":[{"count":4,"href":"https:\/\/www.sininenreservi.fi\/sv\/wp-json\/wp\/v2\/pages\/1017\/revisions"}],"predecessor-version":[{"id":2896,"href":"https:\/\/www.sininenreservi.fi\/sv\/wp-json\/wp\/v2\/pages\/1017\/revisions\/2896"}],"up":[{"embeddable":true,"href":"https:\/\/www.sininenreservi.fi\/sv\/wp-json\/wp\/v2\/pages\/1050"}],"wp:attachment":[{"href":"https:\/\/www.sininenreservi.fi\/sv\/wp-json\/wp\/v2\/media?parent=1017"}],"curies":[{"name":"wp","href":"https:\/\/api.w.org\/{rel}","templated":true}]}}