{"id":1007,"date":"2015-02-13T15:00:21","date_gmt":"2015-02-13T13:00:21","guid":{"rendered":"http:\/\/www.sininenreservi.fi\/sv\/koulutus\/"},"modified":"2021-02-07T01:20:33","modified_gmt":"2021-02-06T23:20:33","slug":"utbildning","status":"publish","type":"page","link":"https:\/\/www.sininenreservi.fi\/sv\/verksamhet\/utbildning\/","title":{"rendered":"Utbildning"},"content":{"rendered":"<p>[et_pb_section fb_built=&#8221;1&#8243; fullwidth=&#8221;on&#8221; _builder_version=&#8221;3.22&#8243;][et_pb_fullwidth_slider admin_label=&#8221;Fullwidth Slider&#8221; _builder_version=&#8221;3.16&#8243; custom_padding=&#8221;|||&#8221; custom_padding_tablet=&#8221;|||&#8221; custom_padding_phone=&#8221;|||&#8221; box_shadow_style=&#8221;preset6&#8243; box_shadow_blur=&#8221;10px&#8221; box_shadow_color=&#8221;rgba(0,0,0,0.1)&#8221; show_inner_shadow=&#8221;on&#8221; button_text_size__hover_enabled=&#8221;off&#8221; button_one_text_size__hover_enabled=&#8221;off&#8221; button_two_text_size__hover_enabled=&#8221;off&#8221; button_text_color__hover_enabled=&#8221;off&#8221; button_one_text_color__hover_enabled=&#8221;off&#8221; button_two_text_color__hover_enabled=&#8221;off&#8221; button_border_width__hover_enabled=&#8221;off&#8221; button_one_border_width__hover_enabled=&#8221;off&#8221; button_two_border_width__hover_enabled=&#8221;off&#8221; button_border_color__hover_enabled=&#8221;off&#8221; button_one_border_color__hover_enabled=&#8221;off&#8221; button_two_border_color__hover_enabled=&#8221;off&#8221; button_border_radius__hover_enabled=&#8221;off&#8221; button_one_border_radius__hover_enabled=&#8221;off&#8221; button_two_border_radius__hover_enabled=&#8221;off&#8221; button_letter_spacing__hover_enabled=&#8221;off&#8221; button_one_letter_spacing__hover_enabled=&#8221;off&#8221; button_two_letter_spacing__hover_enabled=&#8221;off&#8221; button_bg_color__hover_enabled=&#8221;off&#8221; button_one_bg_color__hover_enabled=&#8221;off&#8221; button_two_bg_color__hover_enabled=&#8221;off&#8221;][et_pb_slide _builder_version=&#8221;3.16&#8243; background_color=&#8221;#ffffff&#8221; background_image=&#8221;http:\/\/www.sininenreservi.fi\/wp-content\/uploads\/2015\/02\/koulutus-1200&#215;440.jpg&#8221; sticky_transition=&#8221;on&#8221; button_text_size__hover_enabled=&#8221;off&#8221; button_one_text_size__hover_enabled=&#8221;off&#8221; button_two_text_size__hover_enabled=&#8221;off&#8221; button_text_color__hover_enabled=&#8221;off&#8221; button_one_text_color__hover_enabled=&#8221;off&#8221; button_two_text_color__hover_enabled=&#8221;off&#8221; button_border_width__hover_enabled=&#8221;off&#8221; button_one_border_width__hover_enabled=&#8221;off&#8221; button_two_border_width__hover_enabled=&#8221;off&#8221; button_border_color__hover_enabled=&#8221;off&#8221; button_one_border_color__hover_enabled=&#8221;off&#8221; button_two_border_color__hover_enabled=&#8221;off&#8221; button_border_radius__hover_enabled=&#8221;off&#8221; button_one_border_radius__hover_enabled=&#8221;off&#8221; button_two_border_radius__hover_enabled=&#8221;off&#8221; button_letter_spacing__hover_enabled=&#8221;off&#8221; button_one_letter_spacing__hover_enabled=&#8221;off&#8221; button_two_letter_spacing__hover_enabled=&#8221;off&#8221; button_bg_color__hover_enabled=&#8221;off&#8221; button_one_bg_color__hover_enabled=&#8221;off&#8221; button_two_bg_color__hover_enabled=&#8221;off&#8221;][\/et_pb_slide][\/et_pb_fullwidth_slider][\/et_pb_section][et_pb_section fb_built=&#8221;1&#8243; _builder_version=&#8221;3.22&#8243;][et_pb_row _builder_version=&#8221;3.25&#8243; background_size=&#8221;initial&#8221; background_position=&#8221;top_left&#8221; background_repeat=&#8221;repeat&#8221; column_structure=&#8221;2_3,1_3&#8243;][et_pb_column type=&#8221;2_3&#8243; _builder_version=&#8221;3.25&#8243; custom_padding=&#8221;|||&#8221; custom_padding__hover=&#8221;|||&#8221;][et_pb_text admin_label=&#8221;Teksti&#8221; _builder_version=&#8221;4.7.7&#8243; background_size=&#8221;initial&#8221; background_position=&#8221;top_left&#8221; background_repeat=&#8221;repeat&#8221; hover_enabled=&#8221;0&#8243; sticky_enabled=&#8221;0&#8243;]<\/p>\n<h1>Utbildning<\/h1>\n<p><img loading=\"lazy\" decoding=\"async\" class=\" size-thumbnail wp-image-923 alignleft\" src=\"http:\/\/www.sininenreservi.fi\/wp-content\/uploads\/2015\/02\/mpk_logo_new-300x300-150x150.jpg\" alt=\"mpk_logo_new-300x300\" width=\"150\" height=\"150\" srcset=\"https:\/\/www.sininenreservi.fi\/wp-content\/uploads\/2015\/02\/mpk_logo_new-300x300-150x150.jpg 150w, https:\/\/www.sininenreservi.fi\/wp-content\/uploads\/2015\/02\/mpk_logo_new-300x300.jpg 300w\" sizes=\"auto, (max-width: 150px) 100vw, 150px\" \/><\/p>\n<p>L\u00e4r dig navigera och \u00f6va ditt sj\u00f6manskap, l\u00e4r dig att klara dig i naturen, deltag i en kajaktur eller kom med p\u00e5 en kurs i oljebek\u00e4mpning!<\/p>\n<p>F\u00f6rsvarsutbildningsf\u00f6reningen MPK \u00e4r reservisternas utbildningsorganisation. En stor del av Sj\u00f6f\u00f6rsvarsdistriktets utbildare \u00e4r aktiva inom Marinreserven. Marinreserven rf \u00e4r medlem i MPK och deltar aktivt i MPK:s verksamhet, bl.a. i administrationen. Sj\u00f6f\u00f6rsvarsdistriktets kursutbud \u00e4r m\u00e5ngsidigt. S\u00e5v\u00e4l milit\u00e4ra f\u00e4rdigheter som s\u00e4kerhet och beredskap h\u00f6r till temana. En del av kurserna \u00e4r best\u00e4llda av F\u00f6rsvarsmakten, f\u00f6r en del kurser f\u00e5r man reserv\u00f6vningsdygn och vissa kurser \u00e4r riktade till definierade grupper.<\/p>\n<p>Om du beh\u00e4rskar ett omr\u00e5de v\u00e4l kan du \u00e4ven fungera som utbildare. P\u00e5 <a href=\"http:\/\/www.mpk.fi\">MPK:s hemsidor <\/a>hittar du hela kursutbudet och instruktioner om hur du anm\u00e4ler dig.\u00a0<\/p>\n<p>[\/et_pb_text][\/et_pb_column][et_pb_column type=&#8221;1_3&#8243; _builder_version=&#8221;3.25&#8243; custom_padding=&#8221;|||&#8221; custom_padding__hover=&#8221;|||&#8221;][et_pb_image src=&#8221;http:\/\/www.sininenreservi.fi\/wp-content\/uploads\/2015\/02\/kilstar_harjoituksessa-800&#215;600.jpg&#8221; alt=&#8221;Kilstar harjoituksessa&#8221; title_text=&#8221;Kilstar harjoituksessa&#8221; show_in_lightbox=&#8221;on&#8221; align_tablet=&#8221;center&#8221; align_last_edited=&#8221;on|desktop&#8221; admin_label=&#8221;Kuva&#8221; _builder_version=&#8221;3.23&#8243; animation=&#8221;off&#8221; sticky=&#8221;off&#8221;][\/et_pb_image][\/et_pb_column][\/et_pb_row][\/et_pb_section]<\/p>\n","protected":false},"excerpt":{"rendered":"<p>Utbildning L\u00e4r dig navigera och \u00f6va ditt sj\u00f6manskap, l\u00e4r dig att klara dig i naturen, deltag i en kajaktur eller kom med p\u00e5 en kurs i oljebek\u00e4mpning! F\u00f6rsvarsutbildningsf\u00f6reningen MPK \u00e4r reservisternas utbildningsorganisation. En stor del av Sj\u00f6f\u00f6rsvarsdistriktets utbildare \u00e4r aktiva inom Marinreserven. Marinreserven rf \u00e4r medlem i MPK och deltar aktivt i MPK:s verksamhet, bl.a. [&hellip;]<\/p>\n","protected":false},"author":1,"featured_media":0,"parent":982,"menu_order":2,"comment_status":"open","ping_status":"closed","template":"","meta":{"_et_pb_use_builder":"on","_et_pb_old_content":"<p>Opiskele ja harjoittele merenkulkua, opi selviytym\u00e4\u00e4n luonnossa, osallistu kajaakkivaellukseen tai tule mukaan \u00f6ljyntorjuntakurssille!<\/p><p>Reservil\u00e4isten koulutusj\u00e4rjest\u00f6 on Maanpuolustuskoulutusyhdistys. Suuri osa MPK:n Meripuolustuspiirin kouluttajista ovat Sinisen Reservin toimijoita. Sininen Reservi ry on MPK:n j\u00e4sen ja osallistuu aktiivisesti MPK:n toimintaan, mm hallinnossa.<\/p><p>Meripuolustuspiirin kurssitarjonta on varsin monipuolista. Kursseilla opitaan sek\u00e4 sotilaallisia valmiuksia ett\u00e4 varautumisen ja turvallisuuden asioita. Osa kursseista on Puolustusvoimien tilaamia, joiltakin kursseilta saa kertausharjoitusvuorokausia ja jotkut kurssit on kohdennettu tietyille ryhmille. Jos hallitset jonkun asiakokonaisuuden hyvin voit my\u00f6s toimia kouluttajana.<\/p><p><a href=\"http:\/\/www.mpk.fi\">MPK:n kotisivuilt<\/a>a l\u00f6yd\u00e4t koko kurssitarjonnan sek\u00e4 ilmoittautumisohjeet. Lis\u00e4tietoja saat my\u00f6s Meripuolustuspiirin koulutussihteerilt\u00e4 Kristiina Slottelta (<a href=\"mailto:kristiina.slotte@mpk.fi\">kristiina.slotte@mpk.fi<\/a>)<\/p>","_et_gb_content_width":"","_exactmetrics_skip_tracking":false,"_exactmetrics_sitenote_active":false,"_exactmetrics_sitenote_note":"","_exactmetrics_sitenote_category":0,"footnotes":""},"class_list":["post-1007","page","type-page","status-publish","hentry"],"_links":{"self":[{"href":"https:\/\/www.sininenreservi.fi\/sv\/wp-json\/wp\/v2\/pages\/1007","targetHints":{"allow":["GET"]}}],"collection":[{"href":"https:\/\/www.sininenreservi.fi\/sv\/wp-json\/wp\/v2\/pages"}],"about":[{"href":"https:\/\/www.sininenreservi.fi\/sv\/wp-json\/wp\/v2\/types\/page"}],"author":[{"embeddable":true,"href":"https:\/\/www.sininenreservi.fi\/sv\/wp-json\/wp\/v2\/users\/1"}],"replies":[{"embeddable":true,"href":"https:\/\/www.sininenreservi.fi\/sv\/wp-json\/wp\/v2\/comments?post=1007"}],"version-history":[{"count":3,"href":"https:\/\/www.sininenreservi.fi\/sv\/wp-json\/wp\/v2\/pages\/1007\/revisions"}],"predecessor-version":[{"id":2248,"href":"https:\/\/www.sininenreservi.fi\/sv\/wp-json\/wp\/v2\/pages\/1007\/revisions\/2248"}],"up":[{"embeddable":true,"href":"https:\/\/www.sininenreservi.fi\/sv\/wp-json\/wp\/v2\/pages\/982"}],"wp:attachment":[{"href":"https:\/\/www.sininenreservi.fi\/sv\/wp-json\/wp\/v2\/media?parent=1007"}],"curies":[{"name":"wp","href":"https:\/\/api.w.org\/{rel}","templated":true}]}}