{"id":2854,"date":"2015-02-13T14:56:58","date_gmt":"2015-02-13T12:56:58","guid":{"rendered":"http:\/\/www.sininenreservi.fi\/contact-copy\/"},"modified":"2025-05-03T12:16:46","modified_gmt":"2025-05-03T09:16:46","slug":"contact","status":"publish","type":"page","link":"https:\/\/www.sininenreservi.fi\/en\/contact\/","title":{"rendered":"Contact information"},"content":{"rendered":"<p>[et_pb_section fb_built=&#8221;1&#8243; fullwidth=&#8221;on&#8221; _builder_version=&#8221;4.16&#8243; global_colors_info=&#8221;{}&#8221;][et_pb_fullwidth_slider admin_label=&#8221;Fullwidth Slider&#8221; _builder_version=&#8221;4.16&#8243; custom_padding=&#8221;|||&#8221; custom_padding_tablet=&#8221;|||&#8221; custom_padding_phone=&#8221;|||&#8221; box_shadow_style=&#8221;preset6&#8243; box_shadow_blur=&#8221;10px&#8221; box_shadow_color=&#8221;rgba(0,0,0,0.1)&#8221; show_inner_shadow=&#8221;on&#8221; global_colors_info=&#8221;{}&#8221; button_text_size__hover_enabled=&#8221;off&#8221; button_text_size__hover=&#8221;null&#8221; button_one_text_size__hover_enabled=&#8221;off&#8221; button_one_text_size__hover=&#8221;null&#8221; button_two_text_size__hover_enabled=&#8221;off&#8221; button_two_text_size__hover=&#8221;null&#8221; button_text_color__hover_enabled=&#8221;off&#8221; button_text_color__hover=&#8221;null&#8221; button_one_text_color__hover_enabled=&#8221;off&#8221; button_one_text_color__hover=&#8221;null&#8221; button_two_text_color__hover_enabled=&#8221;off&#8221; button_two_text_color__hover=&#8221;null&#8221; button_border_width__hover_enabled=&#8221;off&#8221; button_border_width__hover=&#8221;null&#8221; button_one_border_width__hover_enabled=&#8221;off&#8221; button_one_border_width__hover=&#8221;null&#8221; button_two_border_width__hover_enabled=&#8221;off&#8221; button_two_border_width__hover=&#8221;null&#8221; button_border_color__hover_enabled=&#8221;off&#8221; button_border_color__hover=&#8221;null&#8221; button_one_border_color__hover_enabled=&#8221;off&#8221; button_one_border_color__hover=&#8221;null&#8221; button_two_border_color__hover_enabled=&#8221;off&#8221; button_two_border_color__hover=&#8221;null&#8221; button_border_radius__hover_enabled=&#8221;off&#8221; button_border_radius__hover=&#8221;null&#8221; button_one_border_radius__hover_enabled=&#8221;off&#8221; button_one_border_radius__hover=&#8221;null&#8221; button_two_border_radius__hover_enabled=&#8221;off&#8221; button_two_border_radius__hover=&#8221;null&#8221; button_letter_spacing__hover_enabled=&#8221;off&#8221; button_letter_spacing__hover=&#8221;null&#8221; button_one_letter_spacing__hover_enabled=&#8221;off&#8221; button_one_letter_spacing__hover=&#8221;null&#8221; button_two_letter_spacing__hover_enabled=&#8221;off&#8221; button_two_letter_spacing__hover=&#8221;null&#8221; button_bg_color__hover_enabled=&#8221;off&#8221; button_bg_color__hover=&#8221;null&#8221; button_one_bg_color__hover_enabled=&#8221;off&#8221; button_one_bg_color__hover=&#8221;null&#8221; button_two_bg_color__hover_enabled=&#8221;off&#8221; button_two_bg_color__hover=&#8221;null&#8221;][et_pb_slide _builder_version=&#8221;4.16&#8243; background_color=&#8221;#ffffff&#8221; background_image=&#8221;https:\/\/www.sininenreservi.fi\/wp-content\/uploads\/2015\/02\/yhteystiedot-1200&#215;440.jpg&#8221; global_colors_info=&#8221;{}&#8221; button_text_size__hover_enabled=&#8221;off&#8221; button_one_text_size__hover_enabled=&#8221;off&#8221; button_two_text_size__hover_enabled=&#8221;off&#8221; button_text_color__hover_enabled=&#8221;off&#8221; button_one_text_color__hover_enabled=&#8221;off&#8221; button_two_text_color__hover_enabled=&#8221;off&#8221; button_border_width__hover_enabled=&#8221;off&#8221; button_one_border_width__hover_enabled=&#8221;off&#8221; button_two_border_width__hover_enabled=&#8221;off&#8221; button_border_color__hover_enabled=&#8221;off&#8221; button_one_border_color__hover_enabled=&#8221;off&#8221; button_two_border_color__hover_enabled=&#8221;off&#8221; button_border_radius__hover_enabled=&#8221;off&#8221; button_one_border_radius__hover_enabled=&#8221;off&#8221; button_two_border_radius__hover_enabled=&#8221;off&#8221; button_letter_spacing__hover_enabled=&#8221;off&#8221; button_one_letter_spacing__hover_enabled=&#8221;off&#8221; button_two_letter_spacing__hover_enabled=&#8221;off&#8221; button_bg_color__hover_enabled=&#8221;off&#8221; button_one_bg_color__hover_enabled=&#8221;off&#8221; button_two_bg_color__hover_enabled=&#8221;off&#8221; sticky_transition=&#8221;on&#8221;][\/et_pb_slide][\/et_pb_fullwidth_slider][\/et_pb_section][et_pb_section fb_built=&#8221;1&#8243; _builder_version=&#8221;4.16&#8243; global_colors_info=&#8221;{}&#8221;][et_pb_row _builder_version=&#8221;4.16&#8243; background_size=&#8221;initial&#8221; background_position=&#8221;top_left&#8221; background_repeat=&#8221;repeat&#8221; global_colors_info=&#8221;{}&#8221;][et_pb_column type=&#8221;4_4&#8243; _builder_version=&#8221;4.16&#8243; custom_padding=&#8221;|||&#8221; global_colors_info=&#8221;{}&#8221; custom_padding__hover=&#8221;|||&#8221;][et_pb_text admin_label=&#8221;Otsikko&#8221; _builder_version=&#8221;4.16&#8243; background_size=&#8221;initial&#8221; background_position=&#8221;top_left&#8221; background_repeat=&#8221;repeat&#8221; global_colors_info=&#8221;{}&#8221;]<\/p>\n<h1>Contact information<\/h1>\n<p><strong>Do you have questions regarding our activities, membership or naval voluntary defence in general?<\/strong><\/p>\n<p>You may contact us via email at <a href=\"&#x6d;&#x61;&#x69;&#x6c;&#x74;&#x6f;&#x3a;&#x69;&#x6e;&#x66;&#x6f;&#x40;&#x73;&#x69;&#x6e;&#x69;&#x6e;&#x65;&#x6e;&#x72;&#x65;&#x73;&#x65;&#x72;&#x76;&#x69;&#x2e;&#x66;&#x69;\">&#105;&#x6e;&#102;&#x6f;&#64;&#x73;i&#110;&#x69;&#110;&#x65;&#110;&#x72;e&#x73;e&#114;&#x76;&#105;&#x2e;f&#x69;<\/a> or reach out to the chairman, secretary or any of the board members. We will be happy to provide you with additional information.<\/p>\n<p>[\/et_pb_text][\/et_pb_column][\/et_pb_row][et_pb_row column_structure=&#8221;1_3,1_3,1_3&#8243; _builder_version=&#8221;4.16&#8243; _module_preset=&#8221;default&#8221; global_colors_info=&#8221;{}&#8221;][et_pb_column type=&#8221;1_3&#8243; _builder_version=&#8221;4.16&#8243; _module_preset=&#8221;default&#8221; global_colors_info=&#8221;{}&#8221;][et_pb_text admin_label=&#8221;Postal address&#8221; _builder_version=&#8221;4.19.2&#8243; background_size=&#8221;initial&#8221; background_position=&#8221;top_left&#8221; background_repeat=&#8221;repeat&#8221; global_colors_info=&#8221;{}&#8221;]<\/p>\n<h3>Postal address<\/h3>\n<p><strong>Sininen Reservi ry<\/strong><br \/>c\/o Petri K\u00e4yhk\u00f6<br \/>Grannarsintie 48<br \/>FI-01180 KALKKIRANTA<br \/>FINLAND<\/p>\n<p><a href=\"&#x6d;&#x61;&#x69;&#x6c;&#x74;&#x6f;&#x3a;&#x69;&#x6e;&#x66;&#x6f;&#x40;&#x73;&#x69;&#x6e;&#x69;&#x6e;&#x65;&#x6e;&#x72;&#x65;&#x73;&#x65;&#x72;&#x76;&#x69;&#x2e;&#x66;&#x69;\">&#x69;n&#x66;&#111;&#64;&#x73;&#105;&#x6e;&#105;n&#x65;&#110;&#x72;&#101;s&#x65;&#114;&#x76;&#x69;&#46;&#x66;&#105;<\/a><br \/>Business ID 3050909-4<\/p>\n<p>[\/et_pb_text][\/et_pb_column][et_pb_column type=&#8221;1_3&#8243; _builder_version=&#8221;4.16&#8243; _module_preset=&#8221;default&#8221; global_colors_info=&#8221;{}&#8221;][et_pb_text admin_label=&#8221;Chairman&#8221; _builder_version=&#8221;4.19.2&#8243; background_size=&#8221;initial&#8221; background_position=&#8221;top_left&#8221; background_repeat=&#8221;repeat&#8221; global_colors_info=&#8221;{}&#8221;]<\/p>\n<h3>Chairman<\/h3>\n<p><strong>Petri K\u00e4yhk\u00f6<\/strong><br \/>Master Chief Petty Officer<br \/>+358 50 366 2024<br \/><a href=\"&#x6d;&#97;i&#x6c;&#116;o&#x3a;&#112;e&#x74;&#114;i&#x2e;&#107;a&#x79;&#104;k&#x6f;&#64;s&#x69;&#110;i&#x6e;&#101;n&#x72;&#101;s&#x65;&#114;v&#x69;&#46;f&#x69;\">&#x70;&#x65;&#x74;&#114;&#105;&#46;k&#x61;&#x79;&#x68;&#x6b;&#111;&#64;si&#x6e;&#x69;&#x6e;&#101;&#110;&#114;es&#x65;&#x72;&#x76;&#105;&#46;fi<\/a><\/p>\n<p>[\/et_pb_text][\/et_pb_column][et_pb_column type=&#8221;1_3&#8243; _builder_version=&#8221;4.16&#8243; _module_preset=&#8221;default&#8221; global_colors_info=&#8221;{}&#8221;][et_pb_text admin_label=&#8221;Secretary&#8221; _builder_version=&#8221;4.25.1&#8243; background_size=&#8221;initial&#8221; background_position=&#8221;top_left&#8221; background_repeat=&#8221;repeat&#8221; global_colors_info=&#8221;{}&#8221;]<\/p>\n<h3>Secretary<\/h3>\n<p><strong>Kai Savolainen<br \/><\/strong>Staff Sergeant<strong><br \/><\/strong>+358 44 223 3000<br \/><a href=\"&#109;&#x61;i&#x6c;t&#111;&#x3a;&#107;&#x61;i&#46;&#x73;&#97;&#x76;o&#x6c;&#x61;&#105;&#x6e;e&#x6e;&#64;&#115;&#x69;&#110;&#x69;n&#101;&#x6e;&#114;&#x65;s&#101;&#x72;&#118;&#x69;&#46;&#x66;&#x69;\">&#107;&#x61;&#x69;&#46;&#x73;&#x61;&#118;&#x6f;&#x6c;&#97;&#x69;&#x6e;&#101;&#x6e;&#x40;&#115;&#x69;&#x6e;&#105;&#x6e;&#x65;&#110;&#x72;&#x65;&#115;&#x65;&#x72;v&#x69;&#x2e;f&#x69;<\/a><\/p>\n<p>[\/et_pb_text][\/et_pb_column][\/et_pb_row][et_pb_row _builder_version=&#8221;4.16&#8243; _module_preset=&#8221;default&#8221; global_colors_info=&#8221;{}&#8221;][et_pb_column type=&#8221;4_4&#8243; _builder_version=&#8221;4.16&#8243; _module_preset=&#8221;default&#8221; global_colors_info=&#8221;{}&#8221;][et_pb_text admin_label=&#8221;Invoicing&#8221; _builder_version=&#8221;4.16&#8243; background_size=&#8221;initial&#8221; background_position=&#8221;top_left&#8221; background_repeat=&#8221;repeat&#8221; global_colors_info=&#8221;{}&#8221;]<\/p>\n<h3>Invoicing<\/h3>\n<p>We are primarily accepting electronic invoices to the address below. If electronic invoices cannot be delivered, an alternative way is to send the invoice as an email attachment at\u00a0<a href=\"&#109;&#x61;&#105;&#x6c;&#116;&#x6f;:&#x69;n&#x66;o&#64;&#x73;&#105;&#x6e;&#105;&#x6e;&#101;&#x6e;r&#x65;s&#x65;r&#118;&#x69;&#46;&#x66;&#105;\">info&#64;s&#105;&#110;&#105;&#110;&#101;&#110;&#114;&#x65;&#x73;&#x65;&#x72;&#x76;&#x69;&#x2e;&#x66;&#x69;<\/a> or directly to the contact person of the order.<\/p>\n<p><strong>Electronic invoicing address <\/strong>003730509094<strong><br \/>Invoice operator <\/strong>003708599126 (OpenText)<\/p>\n<p>[\/et_pb_text][\/et_pb_column][\/et_pb_row][et_pb_row _builder_version=&#8221;4.16&#8243; _module_preset=&#8221;default&#8221; global_colors_info=&#8221;{}&#8221;][et_pb_column type=&#8221;4_4&#8243; _builder_version=&#8221;4.16&#8243; _module_preset=&#8221;default&#8221; global_colors_info=&#8221;{}&#8221;][et_pb_text admin_label=&#8221;Board&#8221; _builder_version=&#8221;4.25.1&#8243; background_size=&#8221;initial&#8221; background_position=&#8221;top_left&#8221; background_repeat=&#8221;repeat&#8221; hover_enabled=&#8221;0&#8243; global_colors_info=&#8221;{}&#8221; sticky_enabled=&#8221;0&#8243;]<\/p>\n<h3>Board members<\/h3>\n<p>The Finnish Naval Reserve board oversees the organization&#8217;s daily activities. According to the constitution of the association, the board consists of a chairman and 6\u201314 members that are elected in the annual meeting. Each of the board members must be a member in one of the membership associations of the Finnish Naval Reserve. The board&#8217;s term is for the time between annual meetings. Navy Command Finland, the Naval Training District of MPK (Meripuolustuspiiri) and the Naval Defence Foundation (Meripuolustuss\u00e4\u00e4ti\u00f6) may appoint their own representatives in the board with rights to attend and speak in the meetings.<\/p>\n<p>&nbsp;<\/p>\n<h4>Board members for the term 2025\u20132026<\/h4>\n<p><em><strong>Chairmen and secretary<br \/><\/strong><\/em>Petri K\u00e4yhk\u00f6\u00a0 \u00a0 \u00a0 \u00a0 \u00a0 \u00a0 \u00a0 \u00a0 \u00a0 \u00a0 \u00a0chairman<br \/>Harri Koponen\u00a0 \u00a0 \u00a0 \u00a0 \u00a0 \u00a0 \u00a0 \u00a0 \u00a0first vice chairman<br \/>Mikael Kaskelo\u00a0 \u00a0 \u00a0 \u00a0 \u00a0 \u00a0 \u00a0 \u00a0 \u00a0second vice chairman<br \/>Kai Savolainen\u00a0 \u00a0 \u00a0 \u00a0 \u00a0 \u00a0 \u00a0 \u00a0 \u00a0 secretary<\/p>\n<p>Individual email addresses for the chairmen and secretary are formatted firstname.lastname (at) sininenreservi.fi.<\/p>\n<p><strong><em>Board members<br \/><\/em><\/strong>Juha Dahlbo<br \/>Seppo Kaila<br \/>Tapani Korhonen<br \/>Mika Kuutti<br \/>Joakim Lax<br \/>Mikko Lepp\u00e4nen<br \/>Lasse M\u00e4ki<br \/>Mikko Rahja<br \/>Markku Saarikannas<br \/>Juha S\u00e4rkk\u00e4<br \/>Teija Wessman<\/p>\n<p><em><strong>Partner representatives<br \/><\/strong><\/em>Antti Huhta\u00a0 \u00a0 \u00a0 \u00a0 \u00a0 \u00a0 \u00a0 \u00a0 \u00a0 \u00a0 \u00a0 \u00a0 Navy Command Finland<br \/>Sami Linnermo\u00a0 \u00a0 \u00a0 \u00a0 \u00a0 \u00a0 \u00a0 \u00a0 \u00a0 Naval Defence Foundation<br \/>Petri P\u00e4\u00e4kk\u00f6nen\u00a0 \u00a0 \u00a0 \u00a0 \u00a0 \u00a0 \u00a0 \u00a0 MPK\/Naval Training District<\/p>\n<p>More information, including lists of the committee members and responsibles, is provided on the page <a href=\"https:\/\/www.sininenreservi.fi\/en\/contact\/\">Yhteystiedot<\/a>\u00a0in Finnish.<\/p>\n<p>&nbsp;<\/p>\n<h4>Liaison Officers<\/h4>\n<p>The Finnish Naval Reserve Liaison Officer Unit supports the Navy and other authorities by training reservists to serve as liaison officers, for example, in connection with international military exercises, naval visits and other events. A liaison officer is a job title and does not require the military rank of an officer \u2013 attitude, language skills and other competencies are what matter.<\/p>\n<p>The unit operates through the Finnish coast, divided into two regions. The unit keeps a list of reservists interested in liaison officer duties in the operating area of the member associations of the Finnish Naval Reserve and provides them with training and information on future tasks.<\/p>\n<p>The Head of the Liaison Officer Unit and the two Regional Heads can be reached at <a href=\"&#x6d;&#x61;&#x69;&#108;&#116;o:&#x6c;&#x69;&#x61;&#105;&#115;on&#x6f;&#x66;&#x66;&#105;&#99;er&#x73;&#x40;&#x73;&#105;&#110;in&#x65;&#x6e;&#x72;&#101;&#115;er&#x76;&#x69;&#x2e;&#102;&#105;\">&#108;&#x69;&#x61;i&#115;&#x6f;n&#111;&#x66;f&#105;&#x63;e&#114;&#x73;&#x40;&#115;&#x69;&#x6e;i&#110;&#x65;n&#114;&#x65;s&#101;&#x72;&#x76;&#105;&#x2e;&#x66;i<\/a>. Individual email addresses are formatted firstname.lastname (at) sininenreservi.fi.<\/p>\n<ul>\n<li>Head of the Liaison Officer Unit: Toni Alasuvanto<\/li>\n<li>Regional Heads: Lasse M\u00e4ki (the Gulf of Finland) and Meeri Tengstr\u00f6m (the Archipelago Sea and the Gulf of Bothnia)<\/li>\n<\/ul>\n<p>[\/et_pb_text][\/et_pb_column][\/et_pb_row][\/et_pb_section]<\/p>\n","protected":false},"excerpt":{"rendered":"<p>Contact information Do you have questions regarding our activities, membership or naval voluntary defence in general? You may contact us via email at i&#110;&#x66;&#x6f;&#64;&#115;&#x69;&#x6e;i&#110;&#101;&#x6e;&#x72;e&#115;&#x65;&#x72;v&#105;&#x2e;&#x66;i or reach out to the chairman, secretary or any of the board members. We will be happy to provide you with additional information.Postal address Sininen Reservi ryc\/o Petri K\u00e4yhk\u00f6Grannarsintie 48FI-01180 KALKKIRANTAFINLAND [&hellip;]<\/p>\n","protected":false},"author":7,"featured_media":0,"parent":0,"menu_order":5,"comment_status":"open","ping_status":"open","template":"","meta":{"_et_pb_use_builder":"on","_et_pb_old_content":"<p>Yhteystiedot<\/p>","_et_gb_content_width":"","_exactmetrics_skip_tracking":false,"_exactmetrics_sitenote_active":false,"_exactmetrics_sitenote_note":"","_exactmetrics_sitenote_category":0,"footnotes":""},"class_list":["post-2854","page","type-page","status-publish","hentry"],"_links":{"self":[{"href":"https:\/\/www.sininenreservi.fi\/en\/wp-json\/wp\/v2\/pages\/2854","targetHints":{"allow":["GET"]}}],"collection":[{"href":"https:\/\/www.sininenreservi.fi\/en\/wp-json\/wp\/v2\/pages"}],"about":[{"href":"https:\/\/www.sininenreservi.fi\/en\/wp-json\/wp\/v2\/types\/page"}],"author":[{"embeddable":true,"href":"https:\/\/www.sininenreservi.fi\/en\/wp-json\/wp\/v2\/users\/7"}],"replies":[{"embeddable":true,"href":"https:\/\/www.sininenreservi.fi\/en\/wp-json\/wp\/v2\/comments?post=2854"}],"version-history":[{"count":15,"href":"https:\/\/www.sininenreservi.fi\/en\/wp-json\/wp\/v2\/pages\/2854\/revisions"}],"predecessor-version":[{"id":3695,"href":"https:\/\/www.sininenreservi.fi\/en\/wp-json\/wp\/v2\/pages\/2854\/revisions\/3695"}],"wp:attachment":[{"href":"https:\/\/www.sininenreservi.fi\/en\/wp-json\/wp\/v2\/media?parent=2854"}],"curies":[{"name":"wp","href":"https:\/\/api.w.org\/{rel}","templated":true}]}}